{"id":1208,"date":"2021-10-07T12:38:15","date_gmt":"2021-10-07T17:38:15","guid":{"rendered":"https:\/\/www.acueductoseirrigaciones.com\/?post_type=product&#038;p=1208"},"modified":"2021-10-07T12:38:15","modified_gmt":"2021-10-07T17:38:15","slug":"sensores-inalambricos-de-lluvia-y-heladas-serie-wr2","status":"publish","type":"product","link":"https:\/\/www.acueductoseirrigaciones.com\/automatizacion-y-control\/producto\/sensores-inalambricos-de-lluvia-y-heladas-serie-wr2\/","title":{"rendered":"Sensores inal\u00e1mbricos de lluvia y heladas Serie WR2"},"content":{"rendered":"","protected":false},"excerpt":{"rendered":"<p>Respuesta superior a las precipitaciones y temperaturas fr\u00edas, ahorro de hasta 35% en consumo de agua<\/p>\n<p><strong>Caracter\u00edsticas y beneficios:<\/strong><\/p>\n<p>&#8211; Una matriz de antenas mejorada proporciona excelente una confiabilidad de se\u00f1al, que supera la mayor\u00eda de las obstrucciones de la l\u00ednea visual<br \/>\n&#8211; El indicador de intensidad de la se\u00f1al permite la configuraci\u00f3n por una persona, lo que reduce el tiempo de instalaci\u00f3n<br \/>\n&#8211; C\u00f3modo ajuste y control de la configuraci\u00f3n de lluvia o heladas en la interfaz del controlador<br \/>\n&#8211; La sustituci\u00f3n de la bater\u00eda es una operaci\u00f3n muy simple que no requiere herramientas ni desmontar el sensor<br \/>\n&#8211; La interfaz del controlador es muy intuitiva y utiliza iconos, lo que simplifica la programaci\u00f3n<br \/>\n&#8211; La m\u00e9nsula del sensor autonivelante se instala f\u00e1cilmente sobre superficies planas o canalones de lluvia<br \/>\n&#8211; Las antenas est\u00e1n ocultas en el interior de las unidades, para mejorar el aspecto visual y la dureza del producto<br \/>\n&#8211; La funci\u00f3n de desconexi\u00f3n r\u00e1pida suspende el ciclo de riego<\/p>\n","protected":false},"featured_media":1209,"comment_status":"closed","ping_status":"closed","template":"","meta":[],"product_brand":[],"product_cat":[26],"product_tag":[],"class_list":{"0":"post-1208","1":"product","2":"type-product","3":"status-publish","4":"has-post-thumbnail","6":"product_cat-automatizacion-y-control","8":"first","9":"instock","10":"shipping-taxable","11":"product-type-simple"},"yoast_head":"<!-- This site is optimized with the Yoast SEO plugin v27.1.1 - https:\/\/yoast.com\/product\/yoast-seo-wordpress\/ -->\n<title>Sensores inal\u00e1mbricos de lluvia y heladas Serie WR2 | Acueductos e Irrigaciones<\/title>\n<meta name=\"robots\" content=\"noindex, follow\" \/>\n<meta property=\"og:locale\" content=\"es_ES\" \/>\n<meta property=\"og:type\" content=\"article\" \/>\n<meta property=\"og:title\" content=\"Sensores inal\u00e1mbricos de lluvia y heladas Serie WR2 | Acueductos e Irrigaciones\" \/>\n<meta property=\"og:description\" content=\"Respuesta superior a las precipitaciones y temperaturas fr\u00edas, ahorro de hasta 35% en consumo de agua  Caracter\u00edsticas y beneficios:  - Una matriz de antenas mejorada proporciona excelente una confiabilidad de se\u00f1al, que supera la mayor\u00eda de las obstrucciones de la l\u00ednea visual - El indicador de intensidad de la se\u00f1al permite la configuraci\u00f3n por una persona, lo que reduce el tiempo de instalaci\u00f3n - C\u00f3modo ajuste y control de la configuraci\u00f3n de lluvia o heladas en la interfaz del controlador - La sustituci\u00f3n de la bater\u00eda es una operaci\u00f3n muy simple que no requiere herramientas ni desmontar el sensor - La interfaz del controlador es muy intuitiva y utiliza iconos, lo que simplifica la programaci\u00f3n - La m\u00e9nsula del sensor autonivelante se instala f\u00e1cilmente sobre superficies planas o canalones de lluvia - Las antenas est\u00e1n ocultas en el interior de las unidades, para mejorar el aspecto visual y la dureza del producto - La funci\u00f3n de desconexi\u00f3n r\u00e1pida suspende el ciclo de riego\" \/>\n<meta property=\"og:url\" content=\"https:\/\/www.acueductoseirrigaciones.com\/automatizacion-y-control\/producto\/sensores-inalambricos-de-lluvia-y-heladas-serie-wr2\/\" \/>\n<meta property=\"og:site_name\" content=\"Acueductos e Irrigaciones\" \/>\n<meta property=\"article:publisher\" content=\"https:\/\/www.facebook.com\/Eirrigaciones\/\" \/>\n<meta property=\"og:image\" content=\"https:\/\/www.acueductoseirrigaciones.com\/automatizacion-y-control\/wp-content\/uploads\/2021\/10\/14.jpg\" \/>\n\t<meta property=\"og:image:width\" content=\"600\" \/>\n\t<meta property=\"og:image:height\" content=\"602\" \/>\n\t<meta property=\"og:image:type\" content=\"image\/jpeg\" \/>\n<meta name=\"twitter:card\" content=\"summary_large_image\" \/>\n<script type=\"application\/ld+json\" class=\"yoast-schema-graph\">{\"@context\":\"https:\/\/schema.org\",\"@graph\":[{\"@type\":\"WebPage\",\"@id\":\"https:\/\/www.acueductoseirrigaciones.com\/automatizacion-y-control\/producto\/sensores-inalambricos-de-lluvia-y-heladas-serie-wr2\/\",\"url\":\"https:\/\/www.acueductoseirrigaciones.com\/automatizacion-y-control\/producto\/sensores-inalambricos-de-lluvia-y-heladas-serie-wr2\/\",\"name\":\"Sensores inal\u00e1mbricos de lluvia y heladas Serie WR2 | Acueductos e Irrigaciones\",\"isPartOf\":{\"@id\":\"https:\/\/www.acueductoseirrigaciones.com\/automatizacion-y-control\/#website\"},\"primaryImageOfPage\":{\"@id\":\"https:\/\/www.acueductoseirrigaciones.com\/automatizacion-y-control\/producto\/sensores-inalambricos-de-lluvia-y-heladas-serie-wr2\/#primaryimage\"},\"image\":{\"@id\":\"https:\/\/www.acueductoseirrigaciones.com\/automatizacion-y-control\/producto\/sensores-inalambricos-de-lluvia-y-heladas-serie-wr2\/#primaryimage\"},\"thumbnailUrl\":\"https:\/\/www.acueductoseirrigaciones.com\/automatizacion-y-control\/wp-content\/uploads\/2021\/10\/14.jpg\",\"datePublished\":\"2021-10-07T17:38:15+00:00\",\"breadcrumb\":{\"@id\":\"https:\/\/www.acueductoseirrigaciones.com\/automatizacion-y-control\/producto\/sensores-inalambricos-de-lluvia-y-heladas-serie-wr2\/#breadcrumb\"},\"inLanguage\":\"es\",\"potentialAction\":[{\"@type\":\"ReadAction\",\"target\":[\"https:\/\/www.acueductoseirrigaciones.com\/automatizacion-y-control\/producto\/sensores-inalambricos-de-lluvia-y-heladas-serie-wr2\/\"]}]},{\"@type\":\"ImageObject\",\"inLanguage\":\"es\",\"@id\":\"https:\/\/www.acueductoseirrigaciones.com\/automatizacion-y-control\/producto\/sensores-inalambricos-de-lluvia-y-heladas-serie-wr2\/#primaryimage\",\"url\":\"https:\/\/www.acueductoseirrigaciones.com\/automatizacion-y-control\/wp-content\/uploads\/2021\/10\/14.jpg\",\"contentUrl\":\"https:\/\/www.acueductoseirrigaciones.com\/automatizacion-y-control\/wp-content\/uploads\/2021\/10\/14.jpg\",\"width\":600,\"height\":602},{\"@type\":\"BreadcrumbList\",\"@id\":\"https:\/\/www.acueductoseirrigaciones.com\/automatizacion-y-control\/producto\/sensores-inalambricos-de-lluvia-y-heladas-serie-wr2\/#breadcrumb\",\"itemListElement\":[{\"@type\":\"ListItem\",\"position\":1,\"name\":\"Portada\",\"item\":\"https:\/\/www.acueductoseirrigaciones.com\/automatizacion-y-control\/\"},{\"@type\":\"ListItem\",\"position\":2,\"name\":\"Tienda\",\"item\":\"https:\/\/www.acueductoseirrigaciones.com\/automatizacion-y-control\/tienda\/\"},{\"@type\":\"ListItem\",\"position\":3,\"name\":\"Sensores inal\u00e1mbricos de lluvia y heladas Serie WR2\"}]},{\"@type\":\"WebSite\",\"@id\":\"https:\/\/www.acueductoseirrigaciones.com\/automatizacion-y-control\/#website\",\"url\":\"https:\/\/www.acueductoseirrigaciones.com\/automatizacion-y-control\/\",\"name\":\"acueductoseirrigaciones.com\/automatizacion-y-control\/\",\"description\":\"Automatizaci\u00f3n de Sistemas de Riego Medellin\",\"publisher\":{\"@id\":\"https:\/\/www.acueductoseirrigaciones.com\/automatizacion-y-control\/#organization\"},\"potentialAction\":[{\"@type\":\"SearchAction\",\"target\":{\"@type\":\"EntryPoint\",\"urlTemplate\":\"https:\/\/www.acueductoseirrigaciones.com\/automatizacion-y-control\/?s={search_term_string}\"},\"query-input\":{\"@type\":\"PropertyValueSpecification\",\"valueRequired\":true,\"valueName\":\"search_term_string\"}}],\"inLanguage\":\"es\"},{\"@type\":\"Organization\",\"@id\":\"https:\/\/www.acueductoseirrigaciones.com\/automatizacion-y-control\/#organization\",\"name\":\"Acueductos e irrigaciones\",\"url\":\"https:\/\/www.acueductoseirrigaciones.com\/automatizacion-y-control\/\",\"logo\":{\"@type\":\"ImageObject\",\"inLanguage\":\"es\",\"@id\":\"https:\/\/www.acueductoseirrigaciones.com\/automatizacion-y-control\/#\/schema\/logo\/image\/\",\"url\":\"https:\/\/www.acueductoseirrigaciones.com\/automatizacion-y-control\/wp-content\/uploads\/2024\/11\/logo-Acueductos.png\",\"contentUrl\":\"https:\/\/www.acueductoseirrigaciones.com\/automatizacion-y-control\/wp-content\/uploads\/2024\/11\/logo-Acueductos.png\",\"width\":600,\"height\":200,\"caption\":\"Acueductos e irrigaciones\"},\"image\":{\"@id\":\"https:\/\/www.acueductoseirrigaciones.com\/automatizacion-y-control\/#\/schema\/logo\/image\/\"},\"sameAs\":[\"https:\/\/www.facebook.com\/Eirrigaciones\/\"]}]}<\/script>\n<!-- \/ Yoast SEO plugin. -->","yoast_head_json":{"title":"Sensores inal\u00e1mbricos de lluvia y heladas Serie WR2 | Acueductos e Irrigaciones","robots":{"index":"noindex","follow":"follow"},"og_locale":"es_ES","og_type":"article","og_title":"Sensores inal\u00e1mbricos de lluvia y heladas Serie WR2 | Acueductos e Irrigaciones","og_description":"Respuesta superior a las precipitaciones y temperaturas fr\u00edas, ahorro de hasta 35% en consumo de agua  Caracter\u00edsticas y beneficios:  - Una matriz de antenas mejorada proporciona excelente una confiabilidad de se\u00f1al, que supera la mayor\u00eda de las obstrucciones de la l\u00ednea visual - El indicador de intensidad de la se\u00f1al permite la configuraci\u00f3n por una persona, lo que reduce el tiempo de instalaci\u00f3n - C\u00f3modo ajuste y control de la configuraci\u00f3n de lluvia o heladas en la interfaz del controlador - La sustituci\u00f3n de la bater\u00eda es una operaci\u00f3n muy simple que no requiere herramientas ni desmontar el sensor - La interfaz del controlador es muy intuitiva y utiliza iconos, lo que simplifica la programaci\u00f3n - La m\u00e9nsula del sensor autonivelante se instala f\u00e1cilmente sobre superficies planas o canalones de lluvia - Las antenas est\u00e1n ocultas en el interior de las unidades, para mejorar el aspecto visual y la dureza del producto - La funci\u00f3n de desconexi\u00f3n r\u00e1pida suspende el ciclo de riego","og_url":"https:\/\/www.acueductoseirrigaciones.com\/automatizacion-y-control\/producto\/sensores-inalambricos-de-lluvia-y-heladas-serie-wr2\/","og_site_name":"Acueductos e Irrigaciones","article_publisher":"https:\/\/www.facebook.com\/Eirrigaciones\/","og_image":[{"width":600,"height":602,"url":"https:\/\/www.acueductoseirrigaciones.com\/automatizacion-y-control\/wp-content\/uploads\/2021\/10\/14.jpg","type":"image\/jpeg"}],"twitter_card":"summary_large_image","schema":{"@context":"https:\/\/schema.org","@graph":[{"@type":"WebPage","@id":"https:\/\/www.acueductoseirrigaciones.com\/automatizacion-y-control\/producto\/sensores-inalambricos-de-lluvia-y-heladas-serie-wr2\/","url":"https:\/\/www.acueductoseirrigaciones.com\/automatizacion-y-control\/producto\/sensores-inalambricos-de-lluvia-y-heladas-serie-wr2\/","name":"Sensores inal\u00e1mbricos de lluvia y heladas Serie WR2 | Acueductos e Irrigaciones","isPartOf":{"@id":"https:\/\/www.acueductoseirrigaciones.com\/automatizacion-y-control\/#website"},"primaryImageOfPage":{"@id":"https:\/\/www.acueductoseirrigaciones.com\/automatizacion-y-control\/producto\/sensores-inalambricos-de-lluvia-y-heladas-serie-wr2\/#primaryimage"},"image":{"@id":"https:\/\/www.acueductoseirrigaciones.com\/automatizacion-y-control\/producto\/sensores-inalambricos-de-lluvia-y-heladas-serie-wr2\/#primaryimage"},"thumbnailUrl":"https:\/\/www.acueductoseirrigaciones.com\/automatizacion-y-control\/wp-content\/uploads\/2021\/10\/14.jpg","datePublished":"2021-10-07T17:38:15+00:00","breadcrumb":{"@id":"https:\/\/www.acueductoseirrigaciones.com\/automatizacion-y-control\/producto\/sensores-inalambricos-de-lluvia-y-heladas-serie-wr2\/#breadcrumb"},"inLanguage":"es","potentialAction":[{"@type":"ReadAction","target":["https:\/\/www.acueductoseirrigaciones.com\/automatizacion-y-control\/producto\/sensores-inalambricos-de-lluvia-y-heladas-serie-wr2\/"]}]},{"@type":"ImageObject","inLanguage":"es","@id":"https:\/\/www.acueductoseirrigaciones.com\/automatizacion-y-control\/producto\/sensores-inalambricos-de-lluvia-y-heladas-serie-wr2\/#primaryimage","url":"https:\/\/www.acueductoseirrigaciones.com\/automatizacion-y-control\/wp-content\/uploads\/2021\/10\/14.jpg","contentUrl":"https:\/\/www.acueductoseirrigaciones.com\/automatizacion-y-control\/wp-content\/uploads\/2021\/10\/14.jpg","width":600,"height":602},{"@type":"BreadcrumbList","@id":"https:\/\/www.acueductoseirrigaciones.com\/automatizacion-y-control\/producto\/sensores-inalambricos-de-lluvia-y-heladas-serie-wr2\/#breadcrumb","itemListElement":[{"@type":"ListItem","position":1,"name":"Portada","item":"https:\/\/www.acueductoseirrigaciones.com\/automatizacion-y-control\/"},{"@type":"ListItem","position":2,"name":"Tienda","item":"https:\/\/www.acueductoseirrigaciones.com\/automatizacion-y-control\/tienda\/"},{"@type":"ListItem","position":3,"name":"Sensores inal\u00e1mbricos de lluvia y heladas Serie WR2"}]},{"@type":"WebSite","@id":"https:\/\/www.acueductoseirrigaciones.com\/automatizacion-y-control\/#website","url":"https:\/\/www.acueductoseirrigaciones.com\/automatizacion-y-control\/","name":"acueductoseirrigaciones.com\/automatizacion-y-control\/","description":"Automatizaci\u00f3n de Sistemas de Riego Medellin","publisher":{"@id":"https:\/\/www.acueductoseirrigaciones.com\/automatizacion-y-control\/#organization"},"potentialAction":[{"@type":"SearchAction","target":{"@type":"EntryPoint","urlTemplate":"https:\/\/www.acueductoseirrigaciones.com\/automatizacion-y-control\/?s={search_term_string}"},"query-input":{"@type":"PropertyValueSpecification","valueRequired":true,"valueName":"search_term_string"}}],"inLanguage":"es"},{"@type":"Organization","@id":"https:\/\/www.acueductoseirrigaciones.com\/automatizacion-y-control\/#organization","name":"Acueductos e irrigaciones","url":"https:\/\/www.acueductoseirrigaciones.com\/automatizacion-y-control\/","logo":{"@type":"ImageObject","inLanguage":"es","@id":"https:\/\/www.acueductoseirrigaciones.com\/automatizacion-y-control\/#\/schema\/logo\/image\/","url":"https:\/\/www.acueductoseirrigaciones.com\/automatizacion-y-control\/wp-content\/uploads\/2024\/11\/logo-Acueductos.png","contentUrl":"https:\/\/www.acueductoseirrigaciones.com\/automatizacion-y-control\/wp-content\/uploads\/2024\/11\/logo-Acueductos.png","width":600,"height":200,"caption":"Acueductos e irrigaciones"},"image":{"@id":"https:\/\/www.acueductoseirrigaciones.com\/automatizacion-y-control\/#\/schema\/logo\/image\/"},"sameAs":["https:\/\/www.facebook.com\/Eirrigaciones\/"]}]}},"_links":{"self":[{"href":"https:\/\/www.acueductoseirrigaciones.com\/automatizacion-y-control\/wp-json\/wp\/v2\/product\/1208","targetHints":{"allow":["GET"]}}],"collection":[{"href":"https:\/\/www.acueductoseirrigaciones.com\/automatizacion-y-control\/wp-json\/wp\/v2\/product"}],"about":[{"href":"https:\/\/www.acueductoseirrigaciones.com\/automatizacion-y-control\/wp-json\/wp\/v2\/types\/product"}],"replies":[{"embeddable":true,"href":"https:\/\/www.acueductoseirrigaciones.com\/automatizacion-y-control\/wp-json\/wp\/v2\/comments?post=1208"}],"wp:featuredmedia":[{"embeddable":true,"href":"https:\/\/www.acueductoseirrigaciones.com\/automatizacion-y-control\/wp-json\/wp\/v2\/media\/1209"}],"wp:attachment":[{"href":"https:\/\/www.acueductoseirrigaciones.com\/automatizacion-y-control\/wp-json\/wp\/v2\/media?parent=1208"}],"wp:term":[{"taxonomy":"product_brand","embeddable":true,"href":"https:\/\/www.acueductoseirrigaciones.com\/automatizacion-y-control\/wp-json\/wp\/v2\/product_brand?post=1208"},{"taxonomy":"product_cat","embeddable":true,"href":"https:\/\/www.acueductoseirrigaciones.com\/automatizacion-y-control\/wp-json\/wp\/v2\/product_cat?post=1208"},{"taxonomy":"product_tag","embeddable":true,"href":"https:\/\/www.acueductoseirrigaciones.com\/automatizacion-y-control\/wp-json\/wp\/v2\/product_tag?post=1208"}],"curies":[{"name":"wp","href":"https:\/\/api.w.org\/{rel}","templated":true}]}}