{"id":1462,"date":"2022-08-04T12:07:59","date_gmt":"2022-08-04T17:07:59","guid":{"rendered":"https:\/\/www.acueductoseirrigaciones.com\/?post_type=product&#038;p=1462"},"modified":"2022-08-04T12:07:59","modified_gmt":"2022-08-04T17:07:59","slug":"valvula-solenoide-serie-pga","status":"publish","type":"product","link":"https:\/\/www.acueductoseirrigaciones.com\/automatizacion-y-control\/producto\/valvula-solenoide-serie-pga\/","title":{"rendered":"V\u00e1lvula solenoide serie PGA"},"content":{"rendered":"","protected":false},"excerpt":{"rendered":"<p>-Dise\u00f1o el\u00e9ctrico robusto para un funcionamiento silencioso y fiable<br \/>\n-Piloto de caudal filtrado para resistir la suciedad y evitar obstrucciones<br \/>\n-Presi\u00f3n de 15 a 150 psi<br \/>\n-Caudal de 2 a 150 gpm<br \/>\n-Temperatura del agua hasta 43\u00b0C, temperatura del ambiente hasta 52\u00b0C<br \/>\n-24 V CA 50\/60 Hz<br \/>\n-Dise\u00f1o de caudal directo, normalmente cerrado<br \/>\n-Purga manual interna que acciona la v\u00e1lvula sin que el agua entre en la caja. Esto permite ajustar del regulador de presi\u00f3n sin activar la v\u00e1lvula en el programador.<br \/>\n-Tornillos de accionamiento m\u00faltiple para mayor facilidad en el mantenimiento.<\/p>\n","protected":false},"featured_media":1463,"comment_status":"closed","ping_status":"closed","template":"","meta":[],"product_brand":[],"product_cat":[26],"product_tag":[],"class_list":{"0":"post-1462","1":"product","2":"type-product","3":"status-publish","4":"has-post-thumbnail","6":"product_cat-automatizacion-y-control","8":"first","9":"instock","10":"shipping-taxable","11":"product-type-simple"},"yoast_head":"<!-- This site is optimized with the Yoast SEO plugin v27.1.1 - https:\/\/yoast.com\/product\/yoast-seo-wordpress\/ -->\n<title>V\u00e1lvula solenoide serie PGA | Acueductos e Irrigaciones<\/title>\n<meta name=\"robots\" content=\"noindex, follow\" \/>\n<meta property=\"og:locale\" content=\"es_ES\" \/>\n<meta property=\"og:type\" content=\"article\" \/>\n<meta property=\"og:title\" content=\"V\u00e1lvula solenoide serie PGA | Acueductos e Irrigaciones\" \/>\n<meta property=\"og:description\" content=\"-Dise\u00f1o el\u00e9ctrico robusto para un funcionamiento silencioso y fiable  -Piloto de caudal filtrado para resistir la suciedad y evitar obstrucciones -Presi\u00f3n de 15 a 150 psi -Caudal de 2 a 150 gpm  -Temperatura del agua hasta 43\u00b0C, temperatura del ambiente hasta 52\u00b0C -24 V CA 50\/60 Hz -Dise\u00f1o de caudal directo, normalmente cerrado -Purga manual interna que acciona la v\u00e1lvula sin que el agua entre en la caja. Esto permite ajustar del regulador de presi\u00f3n sin activar la v\u00e1lvula en el programador. -Tornillos de accionamiento m\u00faltiple para mayor facilidad en el mantenimiento.\" \/>\n<meta property=\"og:url\" content=\"https:\/\/www.acueductoseirrigaciones.com\/automatizacion-y-control\/producto\/valvula-solenoide-serie-pga\/\" \/>\n<meta property=\"og:site_name\" content=\"Acueductos e Irrigaciones\" \/>\n<meta property=\"article:publisher\" content=\"https:\/\/www.facebook.com\/Eirrigaciones\/\" \/>\n<meta property=\"og:image\" content=\"https:\/\/www.acueductoseirrigaciones.com\/automatizacion-y-control\/wp-content\/uploads\/2022\/08\/Valvula-solenoide-serie-PGA.png\" \/>\n\t<meta property=\"og:image:width\" content=\"341\" \/>\n\t<meta property=\"og:image:height\" content=\"430\" \/>\n\t<meta property=\"og:image:type\" content=\"image\/png\" \/>\n<meta name=\"twitter:card\" content=\"summary_large_image\" \/>\n<script type=\"application\/ld+json\" class=\"yoast-schema-graph\">{\"@context\":\"https:\/\/schema.org\",\"@graph\":[{\"@type\":\"WebPage\",\"@id\":\"https:\/\/www.acueductoseirrigaciones.com\/automatizacion-y-control\/producto\/valvula-solenoide-serie-pga\/\",\"url\":\"https:\/\/www.acueductoseirrigaciones.com\/automatizacion-y-control\/producto\/valvula-solenoide-serie-pga\/\",\"name\":\"V\u00e1lvula solenoide serie PGA | Acueductos e Irrigaciones\",\"isPartOf\":{\"@id\":\"https:\/\/www.acueductoseirrigaciones.com\/automatizacion-y-control\/#website\"},\"primaryImageOfPage\":{\"@id\":\"https:\/\/www.acueductoseirrigaciones.com\/automatizacion-y-control\/producto\/valvula-solenoide-serie-pga\/#primaryimage\"},\"image\":{\"@id\":\"https:\/\/www.acueductoseirrigaciones.com\/automatizacion-y-control\/producto\/valvula-solenoide-serie-pga\/#primaryimage\"},\"thumbnailUrl\":\"https:\/\/www.acueductoseirrigaciones.com\/automatizacion-y-control\/wp-content\/uploads\/2022\/08\/Valvula-solenoide-serie-PGA.png\",\"datePublished\":\"2022-08-04T17:07:59+00:00\",\"breadcrumb\":{\"@id\":\"https:\/\/www.acueductoseirrigaciones.com\/automatizacion-y-control\/producto\/valvula-solenoide-serie-pga\/#breadcrumb\"},\"inLanguage\":\"es\",\"potentialAction\":[{\"@type\":\"ReadAction\",\"target\":[\"https:\/\/www.acueductoseirrigaciones.com\/automatizacion-y-control\/producto\/valvula-solenoide-serie-pga\/\"]}]},{\"@type\":\"ImageObject\",\"inLanguage\":\"es\",\"@id\":\"https:\/\/www.acueductoseirrigaciones.com\/automatizacion-y-control\/producto\/valvula-solenoide-serie-pga\/#primaryimage\",\"url\":\"https:\/\/www.acueductoseirrigaciones.com\/automatizacion-y-control\/wp-content\/uploads\/2022\/08\/Valvula-solenoide-serie-PGA.png\",\"contentUrl\":\"https:\/\/www.acueductoseirrigaciones.com\/automatizacion-y-control\/wp-content\/uploads\/2022\/08\/Valvula-solenoide-serie-PGA.png\",\"width\":341,\"height\":430},{\"@type\":\"BreadcrumbList\",\"@id\":\"https:\/\/www.acueductoseirrigaciones.com\/automatizacion-y-control\/producto\/valvula-solenoide-serie-pga\/#breadcrumb\",\"itemListElement\":[{\"@type\":\"ListItem\",\"position\":1,\"name\":\"Portada\",\"item\":\"https:\/\/www.acueductoseirrigaciones.com\/automatizacion-y-control\/\"},{\"@type\":\"ListItem\",\"position\":2,\"name\":\"Tienda\",\"item\":\"https:\/\/www.acueductoseirrigaciones.com\/automatizacion-y-control\/tienda\/\"},{\"@type\":\"ListItem\",\"position\":3,\"name\":\"V\u00e1lvula solenoide serie PGA\"}]},{\"@type\":\"WebSite\",\"@id\":\"https:\/\/www.acueductoseirrigaciones.com\/automatizacion-y-control\/#website\",\"url\":\"https:\/\/www.acueductoseirrigaciones.com\/automatizacion-y-control\/\",\"name\":\"acueductoseirrigaciones.com\/automatizacion-y-control\/\",\"description\":\"Automatizaci\u00f3n de Sistemas de Riego Medellin\",\"publisher\":{\"@id\":\"https:\/\/www.acueductoseirrigaciones.com\/automatizacion-y-control\/#organization\"},\"potentialAction\":[{\"@type\":\"SearchAction\",\"target\":{\"@type\":\"EntryPoint\",\"urlTemplate\":\"https:\/\/www.acueductoseirrigaciones.com\/automatizacion-y-control\/?s={search_term_string}\"},\"query-input\":{\"@type\":\"PropertyValueSpecification\",\"valueRequired\":true,\"valueName\":\"search_term_string\"}}],\"inLanguage\":\"es\"},{\"@type\":\"Organization\",\"@id\":\"https:\/\/www.acueductoseirrigaciones.com\/automatizacion-y-control\/#organization\",\"name\":\"Acueductos e irrigaciones\",\"url\":\"https:\/\/www.acueductoseirrigaciones.com\/automatizacion-y-control\/\",\"logo\":{\"@type\":\"ImageObject\",\"inLanguage\":\"es\",\"@id\":\"https:\/\/www.acueductoseirrigaciones.com\/automatizacion-y-control\/#\/schema\/logo\/image\/\",\"url\":\"https:\/\/www.acueductoseirrigaciones.com\/automatizacion-y-control\/wp-content\/uploads\/2024\/11\/logo-Acueductos.png\",\"contentUrl\":\"https:\/\/www.acueductoseirrigaciones.com\/automatizacion-y-control\/wp-content\/uploads\/2024\/11\/logo-Acueductos.png\",\"width\":600,\"height\":200,\"caption\":\"Acueductos e irrigaciones\"},\"image\":{\"@id\":\"https:\/\/www.acueductoseirrigaciones.com\/automatizacion-y-control\/#\/schema\/logo\/image\/\"},\"sameAs\":[\"https:\/\/www.facebook.com\/Eirrigaciones\/\"]}]}<\/script>\n<!-- \/ Yoast SEO plugin. -->","yoast_head_json":{"title":"V\u00e1lvula solenoide serie PGA | Acueductos e Irrigaciones","robots":{"index":"noindex","follow":"follow"},"og_locale":"es_ES","og_type":"article","og_title":"V\u00e1lvula solenoide serie PGA | Acueductos e Irrigaciones","og_description":"-Dise\u00f1o el\u00e9ctrico robusto para un funcionamiento silencioso y fiable  -Piloto de caudal filtrado para resistir la suciedad y evitar obstrucciones -Presi\u00f3n de 15 a 150 psi -Caudal de 2 a 150 gpm  -Temperatura del agua hasta 43\u00b0C, temperatura del ambiente hasta 52\u00b0C -24 V CA 50\/60 Hz -Dise\u00f1o de caudal directo, normalmente cerrado -Purga manual interna que acciona la v\u00e1lvula sin que el agua entre en la caja. Esto permite ajustar del regulador de presi\u00f3n sin activar la v\u00e1lvula en el programador. -Tornillos de accionamiento m\u00faltiple para mayor facilidad en el mantenimiento.","og_url":"https:\/\/www.acueductoseirrigaciones.com\/automatizacion-y-control\/producto\/valvula-solenoide-serie-pga\/","og_site_name":"Acueductos e Irrigaciones","article_publisher":"https:\/\/www.facebook.com\/Eirrigaciones\/","og_image":[{"width":341,"height":430,"url":"https:\/\/www.acueductoseirrigaciones.com\/automatizacion-y-control\/wp-content\/uploads\/2022\/08\/Valvula-solenoide-serie-PGA.png","type":"image\/png"}],"twitter_card":"summary_large_image","schema":{"@context":"https:\/\/schema.org","@graph":[{"@type":"WebPage","@id":"https:\/\/www.acueductoseirrigaciones.com\/automatizacion-y-control\/producto\/valvula-solenoide-serie-pga\/","url":"https:\/\/www.acueductoseirrigaciones.com\/automatizacion-y-control\/producto\/valvula-solenoide-serie-pga\/","name":"V\u00e1lvula solenoide serie PGA | Acueductos e Irrigaciones","isPartOf":{"@id":"https:\/\/www.acueductoseirrigaciones.com\/automatizacion-y-control\/#website"},"primaryImageOfPage":{"@id":"https:\/\/www.acueductoseirrigaciones.com\/automatizacion-y-control\/producto\/valvula-solenoide-serie-pga\/#primaryimage"},"image":{"@id":"https:\/\/www.acueductoseirrigaciones.com\/automatizacion-y-control\/producto\/valvula-solenoide-serie-pga\/#primaryimage"},"thumbnailUrl":"https:\/\/www.acueductoseirrigaciones.com\/automatizacion-y-control\/wp-content\/uploads\/2022\/08\/Valvula-solenoide-serie-PGA.png","datePublished":"2022-08-04T17:07:59+00:00","breadcrumb":{"@id":"https:\/\/www.acueductoseirrigaciones.com\/automatizacion-y-control\/producto\/valvula-solenoide-serie-pga\/#breadcrumb"},"inLanguage":"es","potentialAction":[{"@type":"ReadAction","target":["https:\/\/www.acueductoseirrigaciones.com\/automatizacion-y-control\/producto\/valvula-solenoide-serie-pga\/"]}]},{"@type":"ImageObject","inLanguage":"es","@id":"https:\/\/www.acueductoseirrigaciones.com\/automatizacion-y-control\/producto\/valvula-solenoide-serie-pga\/#primaryimage","url":"https:\/\/www.acueductoseirrigaciones.com\/automatizacion-y-control\/wp-content\/uploads\/2022\/08\/Valvula-solenoide-serie-PGA.png","contentUrl":"https:\/\/www.acueductoseirrigaciones.com\/automatizacion-y-control\/wp-content\/uploads\/2022\/08\/Valvula-solenoide-serie-PGA.png","width":341,"height":430},{"@type":"BreadcrumbList","@id":"https:\/\/www.acueductoseirrigaciones.com\/automatizacion-y-control\/producto\/valvula-solenoide-serie-pga\/#breadcrumb","itemListElement":[{"@type":"ListItem","position":1,"name":"Portada","item":"https:\/\/www.acueductoseirrigaciones.com\/automatizacion-y-control\/"},{"@type":"ListItem","position":2,"name":"Tienda","item":"https:\/\/www.acueductoseirrigaciones.com\/automatizacion-y-control\/tienda\/"},{"@type":"ListItem","position":3,"name":"V\u00e1lvula solenoide serie PGA"}]},{"@type":"WebSite","@id":"https:\/\/www.acueductoseirrigaciones.com\/automatizacion-y-control\/#website","url":"https:\/\/www.acueductoseirrigaciones.com\/automatizacion-y-control\/","name":"acueductoseirrigaciones.com\/automatizacion-y-control\/","description":"Automatizaci\u00f3n de Sistemas de Riego Medellin","publisher":{"@id":"https:\/\/www.acueductoseirrigaciones.com\/automatizacion-y-control\/#organization"},"potentialAction":[{"@type":"SearchAction","target":{"@type":"EntryPoint","urlTemplate":"https:\/\/www.acueductoseirrigaciones.com\/automatizacion-y-control\/?s={search_term_string}"},"query-input":{"@type":"PropertyValueSpecification","valueRequired":true,"valueName":"search_term_string"}}],"inLanguage":"es"},{"@type":"Organization","@id":"https:\/\/www.acueductoseirrigaciones.com\/automatizacion-y-control\/#organization","name":"Acueductos e irrigaciones","url":"https:\/\/www.acueductoseirrigaciones.com\/automatizacion-y-control\/","logo":{"@type":"ImageObject","inLanguage":"es","@id":"https:\/\/www.acueductoseirrigaciones.com\/automatizacion-y-control\/#\/schema\/logo\/image\/","url":"https:\/\/www.acueductoseirrigaciones.com\/automatizacion-y-control\/wp-content\/uploads\/2024\/11\/logo-Acueductos.png","contentUrl":"https:\/\/www.acueductoseirrigaciones.com\/automatizacion-y-control\/wp-content\/uploads\/2024\/11\/logo-Acueductos.png","width":600,"height":200,"caption":"Acueductos e irrigaciones"},"image":{"@id":"https:\/\/www.acueductoseirrigaciones.com\/automatizacion-y-control\/#\/schema\/logo\/image\/"},"sameAs":["https:\/\/www.facebook.com\/Eirrigaciones\/"]}]}},"_links":{"self":[{"href":"https:\/\/www.acueductoseirrigaciones.com\/automatizacion-y-control\/wp-json\/wp\/v2\/product\/1462","targetHints":{"allow":["GET"]}}],"collection":[{"href":"https:\/\/www.acueductoseirrigaciones.com\/automatizacion-y-control\/wp-json\/wp\/v2\/product"}],"about":[{"href":"https:\/\/www.acueductoseirrigaciones.com\/automatizacion-y-control\/wp-json\/wp\/v2\/types\/product"}],"replies":[{"embeddable":true,"href":"https:\/\/www.acueductoseirrigaciones.com\/automatizacion-y-control\/wp-json\/wp\/v2\/comments?post=1462"}],"wp:featuredmedia":[{"embeddable":true,"href":"https:\/\/www.acueductoseirrigaciones.com\/automatizacion-y-control\/wp-json\/wp\/v2\/media\/1463"}],"wp:attachment":[{"href":"https:\/\/www.acueductoseirrigaciones.com\/automatizacion-y-control\/wp-json\/wp\/v2\/media?parent=1462"}],"wp:term":[{"taxonomy":"product_brand","embeddable":true,"href":"https:\/\/www.acueductoseirrigaciones.com\/automatizacion-y-control\/wp-json\/wp\/v2\/product_brand?post=1462"},{"taxonomy":"product_cat","embeddable":true,"href":"https:\/\/www.acueductoseirrigaciones.com\/automatizacion-y-control\/wp-json\/wp\/v2\/product_cat?post=1462"},{"taxonomy":"product_tag","embeddable":true,"href":"https:\/\/www.acueductoseirrigaciones.com\/automatizacion-y-control\/wp-json\/wp\/v2\/product_tag?post=1462"}],"curies":[{"name":"wp","href":"https:\/\/api.w.org\/{rel}","templated":true}]}}