{"id":1505,"date":"2023-06-09T12:20:55","date_gmt":"2023-06-09T17:20:55","guid":{"rendered":"https:\/\/www.acueductoseirrigaciones.com\/?post_type=product&#038;p=1505"},"modified":"2023-06-09T13:12:29","modified_gmt":"2023-06-09T18:12:29","slug":"programador-llave-de-jardin-a-baterias-rain-bird","status":"publish","type":"product","link":"https:\/\/www.acueductoseirrigaciones.com\/automatizacion-y-control\/producto\/programador-llave-de-jardin-a-baterias-rain-bird\/","title":{"rendered":"Programador llave de jard\u00edn a baterias rain bird"},"content":{"rendered":"","protected":false},"excerpt":{"rendered":"<p>Automatice su sistema de riego por aspersi\u00f3n, sistema de riego por goteo o tuber\u00eda exudante para una programaci\u00f3n m\u00e1s segura, gracias a este programador digital f\u00e1cil de usar. Combinando una sofisticada flexibilidad de programaci\u00f3n junto con un dise\u00f1o extra robusto para su uso en exteriores durante toda la temporada, este vers\u00e1til programador proporciona una comodidad de riego sin preocupaciones.<\/p>\n<p><strong>Descripci\u00f3n:<\/strong><\/p>\n<p>Temporizador digital de 7 d\u00edas f\u00e1cil de usar con funciones avanzadas Ideal para los aspersores de manguera y los kits de riego por goteo de Rain Bird Util\u00edcelo para regar todo su jard\u00edn Temperatura de trabajo: evitar la congelaci\u00f3n &#8211; 110 \u00b0F (m\u00e1ximo) Botones de anulaci\u00f3n instant\u00e1nea para el retraso del riego (Cancel Watering) y el riego manual (Water Now) Ideal para utilizar con los aspersores de manguera y los kits de riego por goteo de Rain Bird Los botones \u00abRegar ahora\u00bb y \u00abCancelar\u00bb permiten anular los programas al instante cuando se desee Cuando est\u00e1 en funcionamiento, la pantalla muestra el estado del programa, as\u00ed como el siguiente riego programado y el tiempo restante del riego actual. Dise\u00f1ado para uso exterior con agua fr\u00eda \u00fanicamente. Programe hasta dos riegos diarios, cualquier d\u00eda de la semana Utiliza dos pilas AA (no incluidas) Caracter\u00edsticas La configuraci\u00f3n digital permite adaptar los programas para obtener mejores resultados con menor consumo de agua El riego programado hasta dos veces al d\u00eda permite el riego terrenos en pendiente o suelo arcilloso La programaci\u00f3n por d\u00eda de la semana permite respetar las restricciones de agua Botones de anulaci\u00f3n instant\u00e1nea para el retraso del riego (Cancel Watering) y el riego manual (Water Now) Tambi\u00e9n se puede establecer un retraso espec\u00edfico por lluvia de hasta 96 horas sin que afecte al programa almacenado Pantalla grande que permite ver toda la configuraci\u00f3n de un vistazo. Resistente collar\u00edn de entrada para un rendimiento herm\u00e9tico Dise\u00f1o de alto flujo con v\u00e1lvula de baja p\u00e9rdida de presi\u00f3n Especificaciones 8,1&#8243; alto x 8,5&#8243; ancho x 3&#8243; di\u00e1metro N\u00famero de programas 2 N\u00famero de zonas: 1 Dise\u00f1ado para uso exterior con agua fr\u00eda \u00fanicamente. Presi\u00f3n de agua en funcionamiento: 15 psi (m\u00ednimo) &#8211; 90 psi (m\u00e1ximo) Temperatura de funcionamiento: Proteja el temporizador contra la congelaci\u00f3n &#8211; 110 \u00b0F (m\u00e1xima) Utiliza dos pilas AA (no incluidas)<\/p>\n<p><a class=\"button primary\" href=\"https:\/\/www.acueductoseirrigaciones.com\/wp-content\/uploads\/2023\/06\/Manual-Programador-LLAVE-DE-JARDIN-RAIN-BIRD.pdf\">Ver manual<\/a><\/p>\n","protected":false},"featured_media":1506,"comment_status":"closed","ping_status":"closed","template":"","meta":[],"product_brand":[],"product_cat":[26],"product_tag":[],"class_list":{"0":"post-1505","1":"product","2":"type-product","3":"status-publish","4":"has-post-thumbnail","6":"product_cat-automatizacion-y-control","8":"first","9":"instock","10":"shipping-taxable","11":"product-type-simple"},"yoast_head":"<!-- This site is optimized with the Yoast SEO plugin v27.1.1 - https:\/\/yoast.com\/product\/yoast-seo-wordpress\/ -->\n<title>Programador llave de jard\u00edn a baterias rain bird | Acueductos e Irrigaciones<\/title>\n<meta name=\"robots\" content=\"noindex, follow\" \/>\n<meta property=\"og:locale\" content=\"es_ES\" \/>\n<meta property=\"og:type\" content=\"article\" \/>\n<meta property=\"og:title\" content=\"Programador llave de jard\u00edn a baterias rain bird | Acueductos e Irrigaciones\" \/>\n<meta property=\"og:description\" content=\"Automatice su sistema de riego por aspersi\u00f3n, sistema de riego por goteo o tuber\u00eda exudante para una programaci\u00f3n m\u00e1s segura, gracias a este programador digital f\u00e1cil de usar. Combinando una sofisticada flexibilidad de programaci\u00f3n junto con un dise\u00f1o extra robusto para su uso en exteriores durante toda la temporada, este vers\u00e1til programador proporciona una comodidad de riego sin preocupaciones.  Descripci\u00f3n:  Temporizador digital de 7 d\u00edas f\u00e1cil de usar con funciones avanzadas Ideal para los aspersores de manguera y los kits de riego por goteo de Rain Bird Util\u00edcelo para regar todo su jard\u00edn Temperatura de trabajo: evitar la congelaci\u00f3n - 110 \u00b0F (m\u00e1ximo) Botones de anulaci\u00f3n instant\u00e1nea para el retraso del riego (Cancel Watering) y el riego manual (Water Now) Ideal para utilizar con los aspersores de manguera y los kits de riego por goteo de Rain Bird Los botones &quot;Regar ahora&quot; y &quot;Cancelar&quot; permiten anular los programas al instante cuando se desee Cuando est\u00e1 en funcionamiento, la pantalla muestra el estado del programa, as\u00ed como el siguiente riego programado y el tiempo restante del riego actual. Dise\u00f1ado para uso exterior con agua fr\u00eda \u00fanicamente. Programe hasta dos riegos diarios, cualquier d\u00eda de la semana Utiliza dos pilas AA (no incluidas) Caracter\u00edsticas La configuraci\u00f3n digital permite adaptar los programas para obtener mejores resultados con menor consumo de agua El riego programado hasta dos veces al d\u00eda permite el riego terrenos en pendiente o suelo arcilloso La programaci\u00f3n por d\u00eda de la semana permite respetar las restricciones de agua Botones de anulaci\u00f3n instant\u00e1nea para el retraso del riego (Cancel Watering) y el riego manual (Water Now) Tambi\u00e9n se puede establecer un retraso espec\u00edfico por lluvia de hasta 96 horas sin que afecte al programa almacenado Pantalla grande que permite ver toda la configuraci\u00f3n de un vistazo. Resistente collar\u00edn de entrada para un rendimiento herm\u00e9tico Dise\u00f1o de alto flujo con v\u00e1lvula de baja p\u00e9rdida de presi\u00f3n Especificaciones 8,1&quot; alto x 8,5&quot; ancho x 3&quot; di\u00e1metro N\u00famero de programas 2 N\u00famero de zonas: 1 Dise\u00f1ado para uso exterior con agua fr\u00eda \u00fanicamente. Presi\u00f3n de agua en funcionamiento: 15 psi (m\u00ednimo) - 90 psi (m\u00e1ximo) Temperatura de funcionamiento: Proteja el temporizador contra la congelaci\u00f3n - 110 \u00b0F (m\u00e1xima) Utiliza dos pilas AA (no incluidas)  Ver manual\" \/>\n<meta property=\"og:url\" content=\"https:\/\/www.acueductoseirrigaciones.com\/automatizacion-y-control\/producto\/programador-llave-de-jardin-a-baterias-rain-bird\/\" \/>\n<meta property=\"og:site_name\" content=\"Acueductos e Irrigaciones\" \/>\n<meta property=\"article:publisher\" content=\"https:\/\/www.facebook.com\/Eirrigaciones\/\" \/>\n<meta property=\"article:modified_time\" content=\"2023-06-09T18:12:29+00:00\" \/>\n<meta property=\"og:image\" content=\"https:\/\/www.acueductoseirrigaciones.com\/automatizacion-y-control\/wp-content\/uploads\/2023\/06\/PROGRAMADOR-LLAVE-DE-JARDIN-RAIN-BIRD.jpg\" \/>\n\t<meta property=\"og:image:width\" content=\"550\" \/>\n\t<meta property=\"og:image:height\" content=\"469\" \/>\n\t<meta property=\"og:image:type\" content=\"image\/jpeg\" \/>\n<meta name=\"twitter:card\" content=\"summary_large_image\" \/>\n<script type=\"application\/ld+json\" class=\"yoast-schema-graph\">{\"@context\":\"https:\/\/schema.org\",\"@graph\":[{\"@type\":\"WebPage\",\"@id\":\"https:\/\/www.acueductoseirrigaciones.com\/automatizacion-y-control\/producto\/programador-llave-de-jardin-a-baterias-rain-bird\/\",\"url\":\"https:\/\/www.acueductoseirrigaciones.com\/automatizacion-y-control\/producto\/programador-llave-de-jardin-a-baterias-rain-bird\/\",\"name\":\"Programador llave de jard\u00edn a baterias rain bird | Acueductos e Irrigaciones\",\"isPartOf\":{\"@id\":\"https:\/\/www.acueductoseirrigaciones.com\/automatizacion-y-control\/#website\"},\"primaryImageOfPage\":{\"@id\":\"https:\/\/www.acueductoseirrigaciones.com\/automatizacion-y-control\/producto\/programador-llave-de-jardin-a-baterias-rain-bird\/#primaryimage\"},\"image\":{\"@id\":\"https:\/\/www.acueductoseirrigaciones.com\/automatizacion-y-control\/producto\/programador-llave-de-jardin-a-baterias-rain-bird\/#primaryimage\"},\"thumbnailUrl\":\"https:\/\/www.acueductoseirrigaciones.com\/automatizacion-y-control\/wp-content\/uploads\/2023\/06\/PROGRAMADOR-LLAVE-DE-JARDIN-RAIN-BIRD.jpg\",\"datePublished\":\"2023-06-09T17:20:55+00:00\",\"dateModified\":\"2023-06-09T18:12:29+00:00\",\"breadcrumb\":{\"@id\":\"https:\/\/www.acueductoseirrigaciones.com\/automatizacion-y-control\/producto\/programador-llave-de-jardin-a-baterias-rain-bird\/#breadcrumb\"},\"inLanguage\":\"es\",\"potentialAction\":[{\"@type\":\"ReadAction\",\"target\":[\"https:\/\/www.acueductoseirrigaciones.com\/automatizacion-y-control\/producto\/programador-llave-de-jardin-a-baterias-rain-bird\/\"]}]},{\"@type\":\"ImageObject\",\"inLanguage\":\"es\",\"@id\":\"https:\/\/www.acueductoseirrigaciones.com\/automatizacion-y-control\/producto\/programador-llave-de-jardin-a-baterias-rain-bird\/#primaryimage\",\"url\":\"https:\/\/www.acueductoseirrigaciones.com\/automatizacion-y-control\/wp-content\/uploads\/2023\/06\/PROGRAMADOR-LLAVE-DE-JARDIN-RAIN-BIRD.jpg\",\"contentUrl\":\"https:\/\/www.acueductoseirrigaciones.com\/automatizacion-y-control\/wp-content\/uploads\/2023\/06\/PROGRAMADOR-LLAVE-DE-JARDIN-RAIN-BIRD.jpg\",\"width\":550,\"height\":469},{\"@type\":\"BreadcrumbList\",\"@id\":\"https:\/\/www.acueductoseirrigaciones.com\/automatizacion-y-control\/producto\/programador-llave-de-jardin-a-baterias-rain-bird\/#breadcrumb\",\"itemListElement\":[{\"@type\":\"ListItem\",\"position\":1,\"name\":\"Portada\",\"item\":\"https:\/\/www.acueductoseirrigaciones.com\/automatizacion-y-control\/\"},{\"@type\":\"ListItem\",\"position\":2,\"name\":\"Tienda\",\"item\":\"https:\/\/www.acueductoseirrigaciones.com\/automatizacion-y-control\/tienda\/\"},{\"@type\":\"ListItem\",\"position\":3,\"name\":\"Programador llave de jard\u00edn a baterias rain bird\"}]},{\"@type\":\"WebSite\",\"@id\":\"https:\/\/www.acueductoseirrigaciones.com\/automatizacion-y-control\/#website\",\"url\":\"https:\/\/www.acueductoseirrigaciones.com\/automatizacion-y-control\/\",\"name\":\"acueductoseirrigaciones.com\/automatizacion-y-control\/\",\"description\":\"Automatizaci\u00f3n de Sistemas de Riego Medellin\",\"publisher\":{\"@id\":\"https:\/\/www.acueductoseirrigaciones.com\/automatizacion-y-control\/#organization\"},\"potentialAction\":[{\"@type\":\"SearchAction\",\"target\":{\"@type\":\"EntryPoint\",\"urlTemplate\":\"https:\/\/www.acueductoseirrigaciones.com\/automatizacion-y-control\/?s={search_term_string}\"},\"query-input\":{\"@type\":\"PropertyValueSpecification\",\"valueRequired\":true,\"valueName\":\"search_term_string\"}}],\"inLanguage\":\"es\"},{\"@type\":\"Organization\",\"@id\":\"https:\/\/www.acueductoseirrigaciones.com\/automatizacion-y-control\/#organization\",\"name\":\"Acueductos e irrigaciones\",\"url\":\"https:\/\/www.acueductoseirrigaciones.com\/automatizacion-y-control\/\",\"logo\":{\"@type\":\"ImageObject\",\"inLanguage\":\"es\",\"@id\":\"https:\/\/www.acueductoseirrigaciones.com\/automatizacion-y-control\/#\/schema\/logo\/image\/\",\"url\":\"https:\/\/www.acueductoseirrigaciones.com\/automatizacion-y-control\/wp-content\/uploads\/2024\/11\/logo-Acueductos.png\",\"contentUrl\":\"https:\/\/www.acueductoseirrigaciones.com\/automatizacion-y-control\/wp-content\/uploads\/2024\/11\/logo-Acueductos.png\",\"width\":600,\"height\":200,\"caption\":\"Acueductos e irrigaciones\"},\"image\":{\"@id\":\"https:\/\/www.acueductoseirrigaciones.com\/automatizacion-y-control\/#\/schema\/logo\/image\/\"},\"sameAs\":[\"https:\/\/www.facebook.com\/Eirrigaciones\/\"]}]}<\/script>\n<!-- \/ Yoast SEO plugin. -->","yoast_head_json":{"title":"Programador llave de jard\u00edn a baterias rain bird | Acueductos e Irrigaciones","robots":{"index":"noindex","follow":"follow"},"og_locale":"es_ES","og_type":"article","og_title":"Programador llave de jard\u00edn a baterias rain bird | Acueductos e Irrigaciones","og_description":"Automatice su sistema de riego por aspersi\u00f3n, sistema de riego por goteo o tuber\u00eda exudante para una programaci\u00f3n m\u00e1s segura, gracias a este programador digital f\u00e1cil de usar. Combinando una sofisticada flexibilidad de programaci\u00f3n junto con un dise\u00f1o extra robusto para su uso en exteriores durante toda la temporada, este vers\u00e1til programador proporciona una comodidad de riego sin preocupaciones.  Descripci\u00f3n:  Temporizador digital de 7 d\u00edas f\u00e1cil de usar con funciones avanzadas Ideal para los aspersores de manguera y los kits de riego por goteo de Rain Bird Util\u00edcelo para regar todo su jard\u00edn Temperatura de trabajo: evitar la congelaci\u00f3n - 110 \u00b0F (m\u00e1ximo) Botones de anulaci\u00f3n instant\u00e1nea para el retraso del riego (Cancel Watering) y el riego manual (Water Now) Ideal para utilizar con los aspersores de manguera y los kits de riego por goteo de Rain Bird Los botones \"Regar ahora\" y \"Cancelar\" permiten anular los programas al instante cuando se desee Cuando est\u00e1 en funcionamiento, la pantalla muestra el estado del programa, as\u00ed como el siguiente riego programado y el tiempo restante del riego actual. Dise\u00f1ado para uso exterior con agua fr\u00eda \u00fanicamente. Programe hasta dos riegos diarios, cualquier d\u00eda de la semana Utiliza dos pilas AA (no incluidas) Caracter\u00edsticas La configuraci\u00f3n digital permite adaptar los programas para obtener mejores resultados con menor consumo de agua El riego programado hasta dos veces al d\u00eda permite el riego terrenos en pendiente o suelo arcilloso La programaci\u00f3n por d\u00eda de la semana permite respetar las restricciones de agua Botones de anulaci\u00f3n instant\u00e1nea para el retraso del riego (Cancel Watering) y el riego manual (Water Now) Tambi\u00e9n se puede establecer un retraso espec\u00edfico por lluvia de hasta 96 horas sin que afecte al programa almacenado Pantalla grande que permite ver toda la configuraci\u00f3n de un vistazo. Resistente collar\u00edn de entrada para un rendimiento herm\u00e9tico Dise\u00f1o de alto flujo con v\u00e1lvula de baja p\u00e9rdida de presi\u00f3n Especificaciones 8,1\" alto x 8,5\" ancho x 3\" di\u00e1metro N\u00famero de programas 2 N\u00famero de zonas: 1 Dise\u00f1ado para uso exterior con agua fr\u00eda \u00fanicamente. Presi\u00f3n de agua en funcionamiento: 15 psi (m\u00ednimo) - 90 psi (m\u00e1ximo) Temperatura de funcionamiento: Proteja el temporizador contra la congelaci\u00f3n - 110 \u00b0F (m\u00e1xima) Utiliza dos pilas AA (no incluidas)  Ver manual","og_url":"https:\/\/www.acueductoseirrigaciones.com\/automatizacion-y-control\/producto\/programador-llave-de-jardin-a-baterias-rain-bird\/","og_site_name":"Acueductos e Irrigaciones","article_publisher":"https:\/\/www.facebook.com\/Eirrigaciones\/","article_modified_time":"2023-06-09T18:12:29+00:00","og_image":[{"width":550,"height":469,"url":"https:\/\/www.acueductoseirrigaciones.com\/automatizacion-y-control\/wp-content\/uploads\/2023\/06\/PROGRAMADOR-LLAVE-DE-JARDIN-RAIN-BIRD.jpg","type":"image\/jpeg"}],"twitter_card":"summary_large_image","schema":{"@context":"https:\/\/schema.org","@graph":[{"@type":"WebPage","@id":"https:\/\/www.acueductoseirrigaciones.com\/automatizacion-y-control\/producto\/programador-llave-de-jardin-a-baterias-rain-bird\/","url":"https:\/\/www.acueductoseirrigaciones.com\/automatizacion-y-control\/producto\/programador-llave-de-jardin-a-baterias-rain-bird\/","name":"Programador llave de jard\u00edn a baterias rain bird | Acueductos e Irrigaciones","isPartOf":{"@id":"https:\/\/www.acueductoseirrigaciones.com\/automatizacion-y-control\/#website"},"primaryImageOfPage":{"@id":"https:\/\/www.acueductoseirrigaciones.com\/automatizacion-y-control\/producto\/programador-llave-de-jardin-a-baterias-rain-bird\/#primaryimage"},"image":{"@id":"https:\/\/www.acueductoseirrigaciones.com\/automatizacion-y-control\/producto\/programador-llave-de-jardin-a-baterias-rain-bird\/#primaryimage"},"thumbnailUrl":"https:\/\/www.acueductoseirrigaciones.com\/automatizacion-y-control\/wp-content\/uploads\/2023\/06\/PROGRAMADOR-LLAVE-DE-JARDIN-RAIN-BIRD.jpg","datePublished":"2023-06-09T17:20:55+00:00","dateModified":"2023-06-09T18:12:29+00:00","breadcrumb":{"@id":"https:\/\/www.acueductoseirrigaciones.com\/automatizacion-y-control\/producto\/programador-llave-de-jardin-a-baterias-rain-bird\/#breadcrumb"},"inLanguage":"es","potentialAction":[{"@type":"ReadAction","target":["https:\/\/www.acueductoseirrigaciones.com\/automatizacion-y-control\/producto\/programador-llave-de-jardin-a-baterias-rain-bird\/"]}]},{"@type":"ImageObject","inLanguage":"es","@id":"https:\/\/www.acueductoseirrigaciones.com\/automatizacion-y-control\/producto\/programador-llave-de-jardin-a-baterias-rain-bird\/#primaryimage","url":"https:\/\/www.acueductoseirrigaciones.com\/automatizacion-y-control\/wp-content\/uploads\/2023\/06\/PROGRAMADOR-LLAVE-DE-JARDIN-RAIN-BIRD.jpg","contentUrl":"https:\/\/www.acueductoseirrigaciones.com\/automatizacion-y-control\/wp-content\/uploads\/2023\/06\/PROGRAMADOR-LLAVE-DE-JARDIN-RAIN-BIRD.jpg","width":550,"height":469},{"@type":"BreadcrumbList","@id":"https:\/\/www.acueductoseirrigaciones.com\/automatizacion-y-control\/producto\/programador-llave-de-jardin-a-baterias-rain-bird\/#breadcrumb","itemListElement":[{"@type":"ListItem","position":1,"name":"Portada","item":"https:\/\/www.acueductoseirrigaciones.com\/automatizacion-y-control\/"},{"@type":"ListItem","position":2,"name":"Tienda","item":"https:\/\/www.acueductoseirrigaciones.com\/automatizacion-y-control\/tienda\/"},{"@type":"ListItem","position":3,"name":"Programador llave de jard\u00edn a baterias rain bird"}]},{"@type":"WebSite","@id":"https:\/\/www.acueductoseirrigaciones.com\/automatizacion-y-control\/#website","url":"https:\/\/www.acueductoseirrigaciones.com\/automatizacion-y-control\/","name":"acueductoseirrigaciones.com\/automatizacion-y-control\/","description":"Automatizaci\u00f3n de Sistemas de Riego Medellin","publisher":{"@id":"https:\/\/www.acueductoseirrigaciones.com\/automatizacion-y-control\/#organization"},"potentialAction":[{"@type":"SearchAction","target":{"@type":"EntryPoint","urlTemplate":"https:\/\/www.acueductoseirrigaciones.com\/automatizacion-y-control\/?s={search_term_string}"},"query-input":{"@type":"PropertyValueSpecification","valueRequired":true,"valueName":"search_term_string"}}],"inLanguage":"es"},{"@type":"Organization","@id":"https:\/\/www.acueductoseirrigaciones.com\/automatizacion-y-control\/#organization","name":"Acueductos e irrigaciones","url":"https:\/\/www.acueductoseirrigaciones.com\/automatizacion-y-control\/","logo":{"@type":"ImageObject","inLanguage":"es","@id":"https:\/\/www.acueductoseirrigaciones.com\/automatizacion-y-control\/#\/schema\/logo\/image\/","url":"https:\/\/www.acueductoseirrigaciones.com\/automatizacion-y-control\/wp-content\/uploads\/2024\/11\/logo-Acueductos.png","contentUrl":"https:\/\/www.acueductoseirrigaciones.com\/automatizacion-y-control\/wp-content\/uploads\/2024\/11\/logo-Acueductos.png","width":600,"height":200,"caption":"Acueductos e irrigaciones"},"image":{"@id":"https:\/\/www.acueductoseirrigaciones.com\/automatizacion-y-control\/#\/schema\/logo\/image\/"},"sameAs":["https:\/\/www.facebook.com\/Eirrigaciones\/"]}]}},"_links":{"self":[{"href":"https:\/\/www.acueductoseirrigaciones.com\/automatizacion-y-control\/wp-json\/wp\/v2\/product\/1505","targetHints":{"allow":["GET"]}}],"collection":[{"href":"https:\/\/www.acueductoseirrigaciones.com\/automatizacion-y-control\/wp-json\/wp\/v2\/product"}],"about":[{"href":"https:\/\/www.acueductoseirrigaciones.com\/automatizacion-y-control\/wp-json\/wp\/v2\/types\/product"}],"replies":[{"embeddable":true,"href":"https:\/\/www.acueductoseirrigaciones.com\/automatizacion-y-control\/wp-json\/wp\/v2\/comments?post=1505"}],"wp:featuredmedia":[{"embeddable":true,"href":"https:\/\/www.acueductoseirrigaciones.com\/automatizacion-y-control\/wp-json\/wp\/v2\/media\/1506"}],"wp:attachment":[{"href":"https:\/\/www.acueductoseirrigaciones.com\/automatizacion-y-control\/wp-json\/wp\/v2\/media?parent=1505"}],"wp:term":[{"taxonomy":"product_brand","embeddable":true,"href":"https:\/\/www.acueductoseirrigaciones.com\/automatizacion-y-control\/wp-json\/wp\/v2\/product_brand?post=1505"},{"taxonomy":"product_cat","embeddable":true,"href":"https:\/\/www.acueductoseirrigaciones.com\/automatizacion-y-control\/wp-json\/wp\/v2\/product_cat?post=1505"},{"taxonomy":"product_tag","embeddable":true,"href":"https:\/\/www.acueductoseirrigaciones.com\/automatizacion-y-control\/wp-json\/wp\/v2\/product_tag?post=1505"}],"curies":[{"name":"wp","href":"https:\/\/api.w.org\/{rel}","templated":true}]}}