{"id":1154,"date":"2021-07-02T08:58:54","date_gmt":"2021-07-02T13:58:54","guid":{"rendered":"https:\/\/www.acueductoseirrigaciones.com\/?post_type=product&#038;p=1154"},"modified":"2021-07-02T09:01:12","modified_gmt":"2021-07-02T14:01:12","slug":"filtro-de-malla-o-anillos-en-ye","status":"publish","type":"product","link":"https:\/\/www.acueductoseirrigaciones.com\/sistemas-de-riego\/producto\/filtro-de-malla-o-anillos-en-ye\/","title":{"rendered":"Filtro de malla o anillos en YE"},"content":{"rendered":"","protected":false},"excerpt":{"rendered":"<p><strong>Descripci\u00f3n:<\/strong><br \/>\nCaudal alto, gran capacidad y bajo mantenimiento con una construcci\u00f3n resistente.<br \/>\n<strong>Caracter\u00edsticas:<\/strong><br \/>\n\u2022 Gran capacidad de filtrado para aplicaciones residenciales, comerciales y municipales<br \/>\n\u2022 Los duraderos filtros pueden extraerse f\u00e1cilmente, lo cual reduce significativamente el tiempo de limpieza<br \/>\n\u2022 Los filtros de anillas pueden descomprimirse para facilitar su limpieza<br \/>\n\u2022 Posibilidad de taladrar la conexi\u00f3n auxiliar con tap\u00f3n roscado para posibilitar el vaciado o la despresurizaci\u00f3n<\/p>\n","protected":false},"featured_media":1155,"comment_status":"closed","ping_status":"closed","template":"","meta":[],"product_brand":[],"product_cat":[23,19],"product_tag":[],"class_list":{"0":"post-1154","1":"product","2":"type-product","3":"status-publish","4":"has-post-thumbnail","6":"product_cat-filtros-y-valvulas-reguladoras","7":"product_cat-sistemas-de-riego","9":"first","10":"instock","11":"shipping-taxable","12":"product-type-simple"},"yoast_head":"<!-- This site is optimized with the Yoast SEO plugin v26.8 - https:\/\/yoast.com\/product\/yoast-seo-wordpress\/ -->\n<title>Filtro de malla o anillos en YE | Acueductos e Irrigaciones<\/title>\n<meta name=\"robots\" content=\"noindex, follow\" \/>\n<meta property=\"og:locale\" content=\"es_ES\" \/>\n<meta property=\"og:type\" content=\"article\" \/>\n<meta property=\"og:title\" content=\"Filtro de malla o anillos en YE | Acueductos e Irrigaciones\" \/>\n<meta property=\"og:description\" content=\"Descripci\u00f3n: Caudal alto, gran capacidad y bajo mantenimiento con una construcci\u00f3n resistente. Caracter\u00edsticas: \u2022 Gran capacidad de filtrado para aplicaciones residenciales, comerciales y municipales \u2022 Los duraderos filtros pueden extraerse f\u00e1cilmente, lo cual reduce significativamente el tiempo de limpieza \u2022 Los filtros de anillas pueden descomprimirse para facilitar su limpieza \u2022 Posibilidad de taladrar la conexi\u00f3n auxiliar con tap\u00f3n roscado para posibilitar el vaciado o la despresurizaci\u00f3n\" \/>\n<meta property=\"og:url\" content=\"https:\/\/www.acueductoseirrigaciones.com\/sistemas-de-riego\/producto\/filtro-de-malla-o-anillos-en-ye\/\" \/>\n<meta property=\"og:site_name\" content=\"Acueductos e Irrigaciones\" \/>\n<meta property=\"article:publisher\" content=\"https:\/\/www.facebook.com\/Eirrigaciones\/\" \/>\n<meta property=\"article:modified_time\" content=\"2021-07-02T14:01:12+00:00\" \/>\n<meta property=\"og:image\" content=\"https:\/\/www.acueductoseirrigaciones.com\/sistemas-de-riego\/wp-content\/uploads\/2021\/07\/Filtro-de-malla-o-anillos-en-YE.jpg\" \/>\n\t<meta property=\"og:image:width\" content=\"781\" \/>\n\t<meta property=\"og:image:height\" content=\"783\" \/>\n\t<meta property=\"og:image:type\" content=\"image\/jpeg\" \/>\n<meta name=\"twitter:card\" content=\"summary_large_image\" \/>\n<script type=\"application\/ld+json\" class=\"yoast-schema-graph\">{\"@context\":\"https:\/\/schema.org\",\"@graph\":[{\"@type\":\"WebPage\",\"@id\":\"https:\/\/www.acueductoseirrigaciones.com\/sistemas-de-riego\/producto\/filtro-de-malla-o-anillos-en-ye\/\",\"url\":\"https:\/\/www.acueductoseirrigaciones.com\/sistemas-de-riego\/producto\/filtro-de-malla-o-anillos-en-ye\/\",\"name\":\"Filtro de malla o anillos en YE | Acueductos e Irrigaciones\",\"isPartOf\":{\"@id\":\"https:\/\/www.acueductoseirrigaciones.com\/sistemas-de-riego\/#website\"},\"primaryImageOfPage\":{\"@id\":\"https:\/\/www.acueductoseirrigaciones.com\/sistemas-de-riego\/producto\/filtro-de-malla-o-anillos-en-ye\/#primaryimage\"},\"image\":{\"@id\":\"https:\/\/www.acueductoseirrigaciones.com\/sistemas-de-riego\/producto\/filtro-de-malla-o-anillos-en-ye\/#primaryimage\"},\"thumbnailUrl\":\"https:\/\/www.acueductoseirrigaciones.com\/sistemas-de-riego\/wp-content\/uploads\/2021\/07\/Filtro-de-malla-o-anillos-en-YE.jpg\",\"datePublished\":\"2021-07-02T13:58:54+00:00\",\"dateModified\":\"2021-07-02T14:01:12+00:00\",\"breadcrumb\":{\"@id\":\"https:\/\/www.acueductoseirrigaciones.com\/sistemas-de-riego\/producto\/filtro-de-malla-o-anillos-en-ye\/#breadcrumb\"},\"inLanguage\":\"es\",\"potentialAction\":[{\"@type\":\"ReadAction\",\"target\":[\"https:\/\/www.acueductoseirrigaciones.com\/sistemas-de-riego\/producto\/filtro-de-malla-o-anillos-en-ye\/\"]}]},{\"@type\":\"ImageObject\",\"inLanguage\":\"es\",\"@id\":\"https:\/\/www.acueductoseirrigaciones.com\/sistemas-de-riego\/producto\/filtro-de-malla-o-anillos-en-ye\/#primaryimage\",\"url\":\"https:\/\/www.acueductoseirrigaciones.com\/sistemas-de-riego\/wp-content\/uploads\/2021\/07\/Filtro-de-malla-o-anillos-en-YE.jpg\",\"contentUrl\":\"https:\/\/www.acueductoseirrigaciones.com\/sistemas-de-riego\/wp-content\/uploads\/2021\/07\/Filtro-de-malla-o-anillos-en-YE.jpg\",\"width\":781,\"height\":783},{\"@type\":\"BreadcrumbList\",\"@id\":\"https:\/\/www.acueductoseirrigaciones.com\/sistemas-de-riego\/producto\/filtro-de-malla-o-anillos-en-ye\/#breadcrumb\",\"itemListElement\":[{\"@type\":\"ListItem\",\"position\":1,\"name\":\"Portada\",\"item\":\"https:\/\/www.acueductoseirrigaciones.com\/sistemas-de-riego\/\"},{\"@type\":\"ListItem\",\"position\":2,\"name\":\"Tienda\",\"item\":\"https:\/\/www.acueductoseirrigaciones.com\/sistemas-de-riego\/tienda\/\"},{\"@type\":\"ListItem\",\"position\":3,\"name\":\"Filtro de malla o anillos en YE\"}]},{\"@type\":\"WebSite\",\"@id\":\"https:\/\/www.acueductoseirrigaciones.com\/sistemas-de-riego\/#website\",\"url\":\"https:\/\/www.acueductoseirrigaciones.com\/sistemas-de-riego\/\",\"name\":\"acueductoseirrigaciones.com\",\"description\":\"Sistemas de Riego Medellin\",\"publisher\":{\"@id\":\"https:\/\/www.acueductoseirrigaciones.com\/sistemas-de-riego\/#organization\"},\"potentialAction\":[{\"@type\":\"SearchAction\",\"target\":{\"@type\":\"EntryPoint\",\"urlTemplate\":\"https:\/\/www.acueductoseirrigaciones.com\/sistemas-de-riego\/?s={search_term_string}\"},\"query-input\":{\"@type\":\"PropertyValueSpecification\",\"valueRequired\":true,\"valueName\":\"search_term_string\"}}],\"inLanguage\":\"es\"},{\"@type\":\"Organization\",\"@id\":\"https:\/\/www.acueductoseirrigaciones.com\/sistemas-de-riego\/#organization\",\"name\":\"Acueductos e irrigaciones\",\"url\":\"https:\/\/www.acueductoseirrigaciones.com\/sistemas-de-riego\/\",\"logo\":{\"@type\":\"ImageObject\",\"inLanguage\":\"es\",\"@id\":\"https:\/\/www.acueductoseirrigaciones.com\/sistemas-de-riego\/#\/schema\/logo\/image\/\",\"url\":\"https:\/\/www.acueductoseirrigaciones.com\/wp-content\/uploads\/2024\/11\/logo-Acueductos.png\",\"contentUrl\":\"https:\/\/www.acueductoseirrigaciones.com\/wp-content\/uploads\/2024\/11\/logo-Acueductos.png\",\"width\":600,\"height\":200,\"caption\":\"Acueductos e irrigaciones\"},\"image\":{\"@id\":\"https:\/\/www.acueductoseirrigaciones.com\/sistemas-de-riego\/#\/schema\/logo\/image\/\"},\"sameAs\":[\"https:\/\/www.facebook.com\/Eirrigaciones\/\"]}]}<\/script>\n<!-- \/ Yoast SEO plugin. -->","yoast_head_json":{"title":"Filtro de malla o anillos en YE | Acueductos e Irrigaciones","robots":{"index":"noindex","follow":"follow"},"og_locale":"es_ES","og_type":"article","og_title":"Filtro de malla o anillos en YE | Acueductos e Irrigaciones","og_description":"Descripci\u00f3n: Caudal alto, gran capacidad y bajo mantenimiento con una construcci\u00f3n resistente. Caracter\u00edsticas: \u2022 Gran capacidad de filtrado para aplicaciones residenciales, comerciales y municipales \u2022 Los duraderos filtros pueden extraerse f\u00e1cilmente, lo cual reduce significativamente el tiempo de limpieza \u2022 Los filtros de anillas pueden descomprimirse para facilitar su limpieza \u2022 Posibilidad de taladrar la conexi\u00f3n auxiliar con tap\u00f3n roscado para posibilitar el vaciado o la despresurizaci\u00f3n","og_url":"https:\/\/www.acueductoseirrigaciones.com\/sistemas-de-riego\/producto\/filtro-de-malla-o-anillos-en-ye\/","og_site_name":"Acueductos e Irrigaciones","article_publisher":"https:\/\/www.facebook.com\/Eirrigaciones\/","article_modified_time":"2021-07-02T14:01:12+00:00","og_image":[{"width":781,"height":783,"url":"https:\/\/www.acueductoseirrigaciones.com\/sistemas-de-riego\/wp-content\/uploads\/2021\/07\/Filtro-de-malla-o-anillos-en-YE.jpg","type":"image\/jpeg"}],"twitter_card":"summary_large_image","schema":{"@context":"https:\/\/schema.org","@graph":[{"@type":"WebPage","@id":"https:\/\/www.acueductoseirrigaciones.com\/sistemas-de-riego\/producto\/filtro-de-malla-o-anillos-en-ye\/","url":"https:\/\/www.acueductoseirrigaciones.com\/sistemas-de-riego\/producto\/filtro-de-malla-o-anillos-en-ye\/","name":"Filtro de malla o anillos en YE | Acueductos e Irrigaciones","isPartOf":{"@id":"https:\/\/www.acueductoseirrigaciones.com\/sistemas-de-riego\/#website"},"primaryImageOfPage":{"@id":"https:\/\/www.acueductoseirrigaciones.com\/sistemas-de-riego\/producto\/filtro-de-malla-o-anillos-en-ye\/#primaryimage"},"image":{"@id":"https:\/\/www.acueductoseirrigaciones.com\/sistemas-de-riego\/producto\/filtro-de-malla-o-anillos-en-ye\/#primaryimage"},"thumbnailUrl":"https:\/\/www.acueductoseirrigaciones.com\/sistemas-de-riego\/wp-content\/uploads\/2021\/07\/Filtro-de-malla-o-anillos-en-YE.jpg","datePublished":"2021-07-02T13:58:54+00:00","dateModified":"2021-07-02T14:01:12+00:00","breadcrumb":{"@id":"https:\/\/www.acueductoseirrigaciones.com\/sistemas-de-riego\/producto\/filtro-de-malla-o-anillos-en-ye\/#breadcrumb"},"inLanguage":"es","potentialAction":[{"@type":"ReadAction","target":["https:\/\/www.acueductoseirrigaciones.com\/sistemas-de-riego\/producto\/filtro-de-malla-o-anillos-en-ye\/"]}]},{"@type":"ImageObject","inLanguage":"es","@id":"https:\/\/www.acueductoseirrigaciones.com\/sistemas-de-riego\/producto\/filtro-de-malla-o-anillos-en-ye\/#primaryimage","url":"https:\/\/www.acueductoseirrigaciones.com\/sistemas-de-riego\/wp-content\/uploads\/2021\/07\/Filtro-de-malla-o-anillos-en-YE.jpg","contentUrl":"https:\/\/www.acueductoseirrigaciones.com\/sistemas-de-riego\/wp-content\/uploads\/2021\/07\/Filtro-de-malla-o-anillos-en-YE.jpg","width":781,"height":783},{"@type":"BreadcrumbList","@id":"https:\/\/www.acueductoseirrigaciones.com\/sistemas-de-riego\/producto\/filtro-de-malla-o-anillos-en-ye\/#breadcrumb","itemListElement":[{"@type":"ListItem","position":1,"name":"Portada","item":"https:\/\/www.acueductoseirrigaciones.com\/sistemas-de-riego\/"},{"@type":"ListItem","position":2,"name":"Tienda","item":"https:\/\/www.acueductoseirrigaciones.com\/sistemas-de-riego\/tienda\/"},{"@type":"ListItem","position":3,"name":"Filtro de malla o anillos en YE"}]},{"@type":"WebSite","@id":"https:\/\/www.acueductoseirrigaciones.com\/sistemas-de-riego\/#website","url":"https:\/\/www.acueductoseirrigaciones.com\/sistemas-de-riego\/","name":"acueductoseirrigaciones.com","description":"Sistemas de Riego Medellin","publisher":{"@id":"https:\/\/www.acueductoseirrigaciones.com\/sistemas-de-riego\/#organization"},"potentialAction":[{"@type":"SearchAction","target":{"@type":"EntryPoint","urlTemplate":"https:\/\/www.acueductoseirrigaciones.com\/sistemas-de-riego\/?s={search_term_string}"},"query-input":{"@type":"PropertyValueSpecification","valueRequired":true,"valueName":"search_term_string"}}],"inLanguage":"es"},{"@type":"Organization","@id":"https:\/\/www.acueductoseirrigaciones.com\/sistemas-de-riego\/#organization","name":"Acueductos e irrigaciones","url":"https:\/\/www.acueductoseirrigaciones.com\/sistemas-de-riego\/","logo":{"@type":"ImageObject","inLanguage":"es","@id":"https:\/\/www.acueductoseirrigaciones.com\/sistemas-de-riego\/#\/schema\/logo\/image\/","url":"https:\/\/www.acueductoseirrigaciones.com\/wp-content\/uploads\/2024\/11\/logo-Acueductos.png","contentUrl":"https:\/\/www.acueductoseirrigaciones.com\/wp-content\/uploads\/2024\/11\/logo-Acueductos.png","width":600,"height":200,"caption":"Acueductos e irrigaciones"},"image":{"@id":"https:\/\/www.acueductoseirrigaciones.com\/sistemas-de-riego\/#\/schema\/logo\/image\/"},"sameAs":["https:\/\/www.facebook.com\/Eirrigaciones\/"]}]}},"_links":{"self":[{"href":"https:\/\/www.acueductoseirrigaciones.com\/sistemas-de-riego\/wp-json\/wp\/v2\/product\/1154","targetHints":{"allow":["GET"]}}],"collection":[{"href":"https:\/\/www.acueductoseirrigaciones.com\/sistemas-de-riego\/wp-json\/wp\/v2\/product"}],"about":[{"href":"https:\/\/www.acueductoseirrigaciones.com\/sistemas-de-riego\/wp-json\/wp\/v2\/types\/product"}],"replies":[{"embeddable":true,"href":"https:\/\/www.acueductoseirrigaciones.com\/sistemas-de-riego\/wp-json\/wp\/v2\/comments?post=1154"}],"wp:featuredmedia":[{"embeddable":true,"href":"https:\/\/www.acueductoseirrigaciones.com\/sistemas-de-riego\/wp-json\/wp\/v2\/media\/1155"}],"wp:attachment":[{"href":"https:\/\/www.acueductoseirrigaciones.com\/sistemas-de-riego\/wp-json\/wp\/v2\/media?parent=1154"}],"wp:term":[{"taxonomy":"product_brand","embeddable":true,"href":"https:\/\/www.acueductoseirrigaciones.com\/sistemas-de-riego\/wp-json\/wp\/v2\/product_brand?post=1154"},{"taxonomy":"product_cat","embeddable":true,"href":"https:\/\/www.acueductoseirrigaciones.com\/sistemas-de-riego\/wp-json\/wp\/v2\/product_cat?post=1154"},{"taxonomy":"product_tag","embeddable":true,"href":"https:\/\/www.acueductoseirrigaciones.com\/sistemas-de-riego\/wp-json\/wp\/v2\/product_tag?post=1154"}],"curies":[{"name":"wp","href":"https:\/\/api.w.org\/{rel}","templated":true}]}}