{"id":985,"date":"2021-06-16T10:25:12","date_gmt":"2021-06-16T15:25:12","guid":{"rendered":"https:\/\/www.acueductoseirrigaciones.com\/?post_type=product&#038;p=985"},"modified":"2021-10-07T12:42:30","modified_gmt":"2021-10-07T17:42:30","slug":"sky-cinta-de-riego-por-goteo","status":"publish","type":"product","link":"https:\/\/www.acueductoseirrigaciones.com\/sistemas-de-riego\/producto\/sky-cinta-de-riego-por-goteo\/","title":{"rendered":"SKY &#8211; Cinta de riego por goteo"},"content":{"rendered":"","protected":false},"excerpt":{"rendered":"<p>Dise\u00f1ada y realizada para ser un producto de altas prestaciones, gracias a su laberinto de amplia secci\u00f3n, que garantiza el flujo turbulento del agua, y una elevada resistencia a la obstrucci\u00f3n del mismo. SKY garantiza a los cultivos una distribuci\u00f3n uniforme del agua y de los fertilizantes, con una longitud de extensi\u00f3n entre las mejores del mercado. SKY se produce en una amplia gama de caudales, distancia entre goteros y espesores; gracias a su propia y exclusiva tecnolog\u00eda productiva, SKY queda particularmente competitiva en los finos espesores.<\/p>\n","protected":false},"featured_media":986,"comment_status":"closed","ping_status":"closed","template":"","meta":[],"product_brand":[],"product_cat":[21,19],"product_tag":[],"class_list":{"0":"post-985","1":"product","2":"type-product","3":"status-publish","4":"has-post-thumbnail","6":"product_cat-mangueras-y-cintas-de-goteo-sistemas-de-riego","7":"product_cat-sistemas-de-riego","9":"first","10":"instock","11":"shipping-taxable","12":"product-type-simple"},"yoast_head":"<!-- This site is optimized with the Yoast SEO plugin v26.8 - https:\/\/yoast.com\/product\/yoast-seo-wordpress\/ -->\n<title>SKY - Cinta de riego por goteo | Acueductos e Irrigaciones<\/title>\n<meta name=\"robots\" content=\"noindex, follow\" \/>\n<meta property=\"og:locale\" content=\"es_ES\" \/>\n<meta property=\"og:type\" content=\"article\" \/>\n<meta property=\"og:title\" content=\"SKY - Cinta de riego por goteo | Acueductos e Irrigaciones\" \/>\n<meta property=\"og:description\" content=\"Dise\u00f1ada y realizada para ser un producto de altas prestaciones, gracias a su laberinto de amplia secci\u00f3n, que garantiza el flujo turbulento del agua, y una elevada resistencia a la obstrucci\u00f3n del mismo. SKY garantiza a los cultivos una distribuci\u00f3n uniforme del agua y de los fertilizantes, con una longitud de extensi\u00f3n entre las mejores del mercado. SKY se produce en una amplia gama de caudales, distancia entre goteros y espesores; gracias a su propia y exclusiva tecnolog\u00eda productiva, SKY queda particularmente competitiva en los finos espesores.\" \/>\n<meta property=\"og:url\" content=\"https:\/\/www.acueductoseirrigaciones.com\/sistemas-de-riego\/producto\/sky-cinta-de-riego-por-goteo\/\" \/>\n<meta property=\"og:site_name\" content=\"Acueductos e Irrigaciones\" \/>\n<meta property=\"article:publisher\" content=\"https:\/\/www.facebook.com\/Eirrigaciones\/\" \/>\n<meta property=\"article:modified_time\" content=\"2021-10-07T17:42:30+00:00\" \/>\n<meta property=\"og:image\" content=\"https:\/\/www.acueductoseirrigaciones.com\/sistemas-de-riego\/wp-content\/uploads\/2021\/06\/Cinta-de-riego-por-goteo.png\" \/>\n\t<meta property=\"og:image:width\" content=\"450\" \/>\n\t<meta property=\"og:image:height\" content=\"450\" \/>\n\t<meta property=\"og:image:type\" content=\"image\/png\" \/>\n<meta name=\"twitter:card\" content=\"summary_large_image\" \/>\n<script type=\"application\/ld+json\" class=\"yoast-schema-graph\">{\"@context\":\"https:\/\/schema.org\",\"@graph\":[{\"@type\":\"WebPage\",\"@id\":\"https:\/\/www.acueductoseirrigaciones.com\/sistemas-de-riego\/producto\/sky-cinta-de-riego-por-goteo\/\",\"url\":\"https:\/\/www.acueductoseirrigaciones.com\/sistemas-de-riego\/producto\/sky-cinta-de-riego-por-goteo\/\",\"name\":\"SKY - Cinta de riego por goteo | Acueductos e Irrigaciones\",\"isPartOf\":{\"@id\":\"https:\/\/www.acueductoseirrigaciones.com\/sistemas-de-riego\/#website\"},\"primaryImageOfPage\":{\"@id\":\"https:\/\/www.acueductoseirrigaciones.com\/sistemas-de-riego\/producto\/sky-cinta-de-riego-por-goteo\/#primaryimage\"},\"image\":{\"@id\":\"https:\/\/www.acueductoseirrigaciones.com\/sistemas-de-riego\/producto\/sky-cinta-de-riego-por-goteo\/#primaryimage\"},\"thumbnailUrl\":\"https:\/\/www.acueductoseirrigaciones.com\/sistemas-de-riego\/wp-content\/uploads\/2021\/06\/Cinta-de-riego-por-goteo.png\",\"datePublished\":\"2021-06-16T15:25:12+00:00\",\"dateModified\":\"2021-10-07T17:42:30+00:00\",\"breadcrumb\":{\"@id\":\"https:\/\/www.acueductoseirrigaciones.com\/sistemas-de-riego\/producto\/sky-cinta-de-riego-por-goteo\/#breadcrumb\"},\"inLanguage\":\"es\",\"potentialAction\":[{\"@type\":\"ReadAction\",\"target\":[\"https:\/\/www.acueductoseirrigaciones.com\/sistemas-de-riego\/producto\/sky-cinta-de-riego-por-goteo\/\"]}]},{\"@type\":\"ImageObject\",\"inLanguage\":\"es\",\"@id\":\"https:\/\/www.acueductoseirrigaciones.com\/sistemas-de-riego\/producto\/sky-cinta-de-riego-por-goteo\/#primaryimage\",\"url\":\"https:\/\/www.acueductoseirrigaciones.com\/sistemas-de-riego\/wp-content\/uploads\/2021\/06\/Cinta-de-riego-por-goteo.png\",\"contentUrl\":\"https:\/\/www.acueductoseirrigaciones.com\/sistemas-de-riego\/wp-content\/uploads\/2021\/06\/Cinta-de-riego-por-goteo.png\",\"width\":450,\"height\":450},{\"@type\":\"BreadcrumbList\",\"@id\":\"https:\/\/www.acueductoseirrigaciones.com\/sistemas-de-riego\/producto\/sky-cinta-de-riego-por-goteo\/#breadcrumb\",\"itemListElement\":[{\"@type\":\"ListItem\",\"position\":1,\"name\":\"Portada\",\"item\":\"https:\/\/www.acueductoseirrigaciones.com\/sistemas-de-riego\/\"},{\"@type\":\"ListItem\",\"position\":2,\"name\":\"Tienda\",\"item\":\"https:\/\/www.acueductoseirrigaciones.com\/sistemas-de-riego\/tienda\/\"},{\"@type\":\"ListItem\",\"position\":3,\"name\":\"SKY &#8211; Cinta de riego por goteo\"}]},{\"@type\":\"WebSite\",\"@id\":\"https:\/\/www.acueductoseirrigaciones.com\/sistemas-de-riego\/#website\",\"url\":\"https:\/\/www.acueductoseirrigaciones.com\/sistemas-de-riego\/\",\"name\":\"acueductoseirrigaciones.com\",\"description\":\"Sistemas de Riego Medellin\",\"publisher\":{\"@id\":\"https:\/\/www.acueductoseirrigaciones.com\/sistemas-de-riego\/#organization\"},\"potentialAction\":[{\"@type\":\"SearchAction\",\"target\":{\"@type\":\"EntryPoint\",\"urlTemplate\":\"https:\/\/www.acueductoseirrigaciones.com\/sistemas-de-riego\/?s={search_term_string}\"},\"query-input\":{\"@type\":\"PropertyValueSpecification\",\"valueRequired\":true,\"valueName\":\"search_term_string\"}}],\"inLanguage\":\"es\"},{\"@type\":\"Organization\",\"@id\":\"https:\/\/www.acueductoseirrigaciones.com\/sistemas-de-riego\/#organization\",\"name\":\"Acueductos e irrigaciones\",\"url\":\"https:\/\/www.acueductoseirrigaciones.com\/sistemas-de-riego\/\",\"logo\":{\"@type\":\"ImageObject\",\"inLanguage\":\"es\",\"@id\":\"https:\/\/www.acueductoseirrigaciones.com\/sistemas-de-riego\/#\/schema\/logo\/image\/\",\"url\":\"https:\/\/www.acueductoseirrigaciones.com\/wp-content\/uploads\/2024\/11\/logo-Acueductos.png\",\"contentUrl\":\"https:\/\/www.acueductoseirrigaciones.com\/wp-content\/uploads\/2024\/11\/logo-Acueductos.png\",\"width\":600,\"height\":200,\"caption\":\"Acueductos e irrigaciones\"},\"image\":{\"@id\":\"https:\/\/www.acueductoseirrigaciones.com\/sistemas-de-riego\/#\/schema\/logo\/image\/\"},\"sameAs\":[\"https:\/\/www.facebook.com\/Eirrigaciones\/\"]}]}<\/script>\n<!-- \/ Yoast SEO plugin. -->","yoast_head_json":{"title":"SKY - Cinta de riego por goteo | Acueductos e Irrigaciones","robots":{"index":"noindex","follow":"follow"},"og_locale":"es_ES","og_type":"article","og_title":"SKY - Cinta de riego por goteo | Acueductos e Irrigaciones","og_description":"Dise\u00f1ada y realizada para ser un producto de altas prestaciones, gracias a su laberinto de amplia secci\u00f3n, que garantiza el flujo turbulento del agua, y una elevada resistencia a la obstrucci\u00f3n del mismo. SKY garantiza a los cultivos una distribuci\u00f3n uniforme del agua y de los fertilizantes, con una longitud de extensi\u00f3n entre las mejores del mercado. SKY se produce en una amplia gama de caudales, distancia entre goteros y espesores; gracias a su propia y exclusiva tecnolog\u00eda productiva, SKY queda particularmente competitiva en los finos espesores.","og_url":"https:\/\/www.acueductoseirrigaciones.com\/sistemas-de-riego\/producto\/sky-cinta-de-riego-por-goteo\/","og_site_name":"Acueductos e Irrigaciones","article_publisher":"https:\/\/www.facebook.com\/Eirrigaciones\/","article_modified_time":"2021-10-07T17:42:30+00:00","og_image":[{"width":450,"height":450,"url":"https:\/\/www.acueductoseirrigaciones.com\/sistemas-de-riego\/wp-content\/uploads\/2021\/06\/Cinta-de-riego-por-goteo.png","type":"image\/png"}],"twitter_card":"summary_large_image","schema":{"@context":"https:\/\/schema.org","@graph":[{"@type":"WebPage","@id":"https:\/\/www.acueductoseirrigaciones.com\/sistemas-de-riego\/producto\/sky-cinta-de-riego-por-goteo\/","url":"https:\/\/www.acueductoseirrigaciones.com\/sistemas-de-riego\/producto\/sky-cinta-de-riego-por-goteo\/","name":"SKY - Cinta de riego por goteo | Acueductos e Irrigaciones","isPartOf":{"@id":"https:\/\/www.acueductoseirrigaciones.com\/sistemas-de-riego\/#website"},"primaryImageOfPage":{"@id":"https:\/\/www.acueductoseirrigaciones.com\/sistemas-de-riego\/producto\/sky-cinta-de-riego-por-goteo\/#primaryimage"},"image":{"@id":"https:\/\/www.acueductoseirrigaciones.com\/sistemas-de-riego\/producto\/sky-cinta-de-riego-por-goteo\/#primaryimage"},"thumbnailUrl":"https:\/\/www.acueductoseirrigaciones.com\/sistemas-de-riego\/wp-content\/uploads\/2021\/06\/Cinta-de-riego-por-goteo.png","datePublished":"2021-06-16T15:25:12+00:00","dateModified":"2021-10-07T17:42:30+00:00","breadcrumb":{"@id":"https:\/\/www.acueductoseirrigaciones.com\/sistemas-de-riego\/producto\/sky-cinta-de-riego-por-goteo\/#breadcrumb"},"inLanguage":"es","potentialAction":[{"@type":"ReadAction","target":["https:\/\/www.acueductoseirrigaciones.com\/sistemas-de-riego\/producto\/sky-cinta-de-riego-por-goteo\/"]}]},{"@type":"ImageObject","inLanguage":"es","@id":"https:\/\/www.acueductoseirrigaciones.com\/sistemas-de-riego\/producto\/sky-cinta-de-riego-por-goteo\/#primaryimage","url":"https:\/\/www.acueductoseirrigaciones.com\/sistemas-de-riego\/wp-content\/uploads\/2021\/06\/Cinta-de-riego-por-goteo.png","contentUrl":"https:\/\/www.acueductoseirrigaciones.com\/sistemas-de-riego\/wp-content\/uploads\/2021\/06\/Cinta-de-riego-por-goteo.png","width":450,"height":450},{"@type":"BreadcrumbList","@id":"https:\/\/www.acueductoseirrigaciones.com\/sistemas-de-riego\/producto\/sky-cinta-de-riego-por-goteo\/#breadcrumb","itemListElement":[{"@type":"ListItem","position":1,"name":"Portada","item":"https:\/\/www.acueductoseirrigaciones.com\/sistemas-de-riego\/"},{"@type":"ListItem","position":2,"name":"Tienda","item":"https:\/\/www.acueductoseirrigaciones.com\/sistemas-de-riego\/tienda\/"},{"@type":"ListItem","position":3,"name":"SKY &#8211; Cinta de riego por goteo"}]},{"@type":"WebSite","@id":"https:\/\/www.acueductoseirrigaciones.com\/sistemas-de-riego\/#website","url":"https:\/\/www.acueductoseirrigaciones.com\/sistemas-de-riego\/","name":"acueductoseirrigaciones.com","description":"Sistemas de Riego Medellin","publisher":{"@id":"https:\/\/www.acueductoseirrigaciones.com\/sistemas-de-riego\/#organization"},"potentialAction":[{"@type":"SearchAction","target":{"@type":"EntryPoint","urlTemplate":"https:\/\/www.acueductoseirrigaciones.com\/sistemas-de-riego\/?s={search_term_string}"},"query-input":{"@type":"PropertyValueSpecification","valueRequired":true,"valueName":"search_term_string"}}],"inLanguage":"es"},{"@type":"Organization","@id":"https:\/\/www.acueductoseirrigaciones.com\/sistemas-de-riego\/#organization","name":"Acueductos e irrigaciones","url":"https:\/\/www.acueductoseirrigaciones.com\/sistemas-de-riego\/","logo":{"@type":"ImageObject","inLanguage":"es","@id":"https:\/\/www.acueductoseirrigaciones.com\/sistemas-de-riego\/#\/schema\/logo\/image\/","url":"https:\/\/www.acueductoseirrigaciones.com\/wp-content\/uploads\/2024\/11\/logo-Acueductos.png","contentUrl":"https:\/\/www.acueductoseirrigaciones.com\/wp-content\/uploads\/2024\/11\/logo-Acueductos.png","width":600,"height":200,"caption":"Acueductos e irrigaciones"},"image":{"@id":"https:\/\/www.acueductoseirrigaciones.com\/sistemas-de-riego\/#\/schema\/logo\/image\/"},"sameAs":["https:\/\/www.facebook.com\/Eirrigaciones\/"]}]}},"_links":{"self":[{"href":"https:\/\/www.acueductoseirrigaciones.com\/sistemas-de-riego\/wp-json\/wp\/v2\/product\/985","targetHints":{"allow":["GET"]}}],"collection":[{"href":"https:\/\/www.acueductoseirrigaciones.com\/sistemas-de-riego\/wp-json\/wp\/v2\/product"}],"about":[{"href":"https:\/\/www.acueductoseirrigaciones.com\/sistemas-de-riego\/wp-json\/wp\/v2\/types\/product"}],"replies":[{"embeddable":true,"href":"https:\/\/www.acueductoseirrigaciones.com\/sistemas-de-riego\/wp-json\/wp\/v2\/comments?post=985"}],"wp:featuredmedia":[{"embeddable":true,"href":"https:\/\/www.acueductoseirrigaciones.com\/sistemas-de-riego\/wp-json\/wp\/v2\/media\/986"}],"wp:attachment":[{"href":"https:\/\/www.acueductoseirrigaciones.com\/sistemas-de-riego\/wp-json\/wp\/v2\/media?parent=985"}],"wp:term":[{"taxonomy":"product_brand","embeddable":true,"href":"https:\/\/www.acueductoseirrigaciones.com\/sistemas-de-riego\/wp-json\/wp\/v2\/product_brand?post=985"},{"taxonomy":"product_cat","embeddable":true,"href":"https:\/\/www.acueductoseirrigaciones.com\/sistemas-de-riego\/wp-json\/wp\/v2\/product_cat?post=985"},{"taxonomy":"product_tag","embeddable":true,"href":"https:\/\/www.acueductoseirrigaciones.com\/sistemas-de-riego\/wp-json\/wp\/v2\/product_tag?post=985"}],"curies":[{"name":"wp","href":"https:\/\/api.w.org\/{rel}","templated":true}]}}