{"id":997,"date":"2021-06-16T11:14:45","date_gmt":"2021-06-16T16:14:45","guid":{"rendered":"https:\/\/www.acueductoseirrigaciones.com\/?post_type=product&#038;p=997"},"modified":"2021-10-07T12:47:55","modified_gmt":"2021-10-07T17:47:55","slug":"dripnet-pc","status":"publish","type":"product","link":"https:\/\/www.acueductoseirrigaciones.com\/sistemas-de-riego\/producto\/dripnet-pc\/","title":{"rendered":"DripNet PC"},"content":{"rendered":"","protected":false},"excerpt":{"rendered":"<p>Las l\u00edneas de goteo integrales autocompensadas con mecanismos de autolavado DripNet PC \u2122 ofrecen la relaci\u00f3n \u00f3ptima entre costo y rendimiento al regar terrenos con pendientes, topograf\u00edas irregulares y largas filas de cultivos.<br \/>\nIdeal para el riego de cultivos en hileras multiestacionales y huertos en topograf\u00edas planas y complejas.<br \/>\nLos pasajes de agua ultra anchos y cortos hacen que este gotero sea resistente a las obstrucciones incluso en condiciones de aguas dif\u00edciles.<br \/>\nEspecificaciones:<br \/>\nVariedad de caudales: 5 caudales diferentes (0.7, 1.0, 1.6, 2.3, 3.5 L Variedad de caudales:  7 caudales diferentes (0.4, 0.6, 1.0, 1.6, 2.0, 3.0, 3.8 L \/ H) pueden abordar cualquier condici\u00f3n o aplicaci\u00f3n<br \/>\nRango de compensaci\u00f3n de presi\u00f3n: 0.25 \/ 0.40 \/ 0.60 &#8211; 2.5 \/ 3.0 \/ 3.5 bar (seg\u00fan el modelo de caudal)<br \/>\nAmplia gama de di\u00e1metros de tuber\u00eda:<br \/>\nTWD y MWD: 12.0 mm &#8211; 25.0 mm<br \/>\nHWD: 12 mm, 16 mm, 20 mm y 23 mm<br \/>\nAmplio rango de espesor de pared: 0,31 mm, 0,34 mm, 0,38 mm, 0,50 mm, 0,63 mm, 0,9 mm, 1,0 mm y 1,2 mm<br \/>\nRango de compensaci\u00f3n de presi\u00f3n: 0.4 &#8211; 5.0 bar<br \/>\nExcelente resistencia UV y qu\u00edmica.<\/p>\n","protected":false},"featured_media":998,"comment_status":"closed","ping_status":"closed","template":"","meta":[],"product_brand":[],"product_cat":[21],"product_tag":[],"class_list":{"0":"post-997","1":"product","2":"type-product","3":"status-publish","4":"has-post-thumbnail","6":"product_cat-mangueras-y-cintas-de-goteo-sistemas-de-riego","8":"first","9":"instock","10":"shipping-taxable","11":"product-type-simple"},"yoast_head":"<!-- This site is optimized with the Yoast SEO plugin v26.8 - https:\/\/yoast.com\/product\/yoast-seo-wordpress\/ -->\n<title>DripNet PC | Acueductos e Irrigaciones<\/title>\n<meta name=\"robots\" content=\"noindex, follow\" \/>\n<meta property=\"og:locale\" content=\"es_ES\" \/>\n<meta property=\"og:type\" content=\"article\" \/>\n<meta property=\"og:title\" content=\"DripNet PC | Acueductos e Irrigaciones\" \/>\n<meta property=\"og:description\" content=\"Las l\u00edneas de goteo integrales autocompensadas con mecanismos de autolavado DripNet PC \u2122 ofrecen la relaci\u00f3n \u00f3ptima entre costo y rendimiento al regar terrenos con pendientes, topograf\u00edas irregulares y largas filas de cultivos. Ideal para el riego de cultivos en hileras multiestacionales y huertos en topograf\u00edas planas y complejas. Los pasajes de agua ultra anchos y cortos hacen que este gotero sea resistente a las obstrucciones incluso en condiciones de aguas dif\u00edciles. Especificaciones: Variedad de caudales: 5 caudales diferentes (0.7, 1.0, 1.6, 2.3, 3.5 L Variedad de caudales: 7 caudales diferentes (0.4, 0.6, 1.0, 1.6, 2.0, 3.0, 3.8 L \/ H) pueden abordar cualquier condici\u00f3n o aplicaci\u00f3n Rango de compensaci\u00f3n de presi\u00f3n: 0.25 \/ 0.40 \/ 0.60 - 2.5 \/ 3.0 \/ 3.5 bar (seg\u00fan el modelo de caudal) Amplia gama de di\u00e1metros de tuber\u00eda:  TWD y MWD: 12.0 mm - 25.0 mm HWD: 12 mm, 16 mm, 20 mm y 23 mm Amplio rango de espesor de pared: 0,31 mm, 0,34 mm, 0,38 mm, 0,50 mm, 0,63 mm, 0,9 mm, 1,0 mm y 1,2 mm Rango de compensaci\u00f3n de presi\u00f3n: 0.4 - 5.0 bar Excelente resistencia UV y qu\u00edmica.\" \/>\n<meta property=\"og:url\" content=\"https:\/\/www.acueductoseirrigaciones.com\/sistemas-de-riego\/producto\/dripnet-pc\/\" \/>\n<meta property=\"og:site_name\" content=\"Acueductos e Irrigaciones\" \/>\n<meta property=\"article:publisher\" content=\"https:\/\/www.facebook.com\/Eirrigaciones\/\" \/>\n<meta property=\"article:modified_time\" content=\"2021-10-07T17:47:55+00:00\" \/>\n<meta property=\"og:image\" content=\"https:\/\/www.acueductoseirrigaciones.com\/sistemas-de-riego\/wp-content\/uploads\/2021\/06\/DripNet-PC.png\" \/>\n\t<meta property=\"og:image:width\" content=\"450\" \/>\n\t<meta property=\"og:image:height\" content=\"450\" \/>\n\t<meta property=\"og:image:type\" content=\"image\/png\" \/>\n<meta name=\"twitter:card\" content=\"summary_large_image\" \/>\n<script type=\"application\/ld+json\" class=\"yoast-schema-graph\">{\"@context\":\"https:\/\/schema.org\",\"@graph\":[{\"@type\":\"WebPage\",\"@id\":\"https:\/\/www.acueductoseirrigaciones.com\/sistemas-de-riego\/producto\/dripnet-pc\/\",\"url\":\"https:\/\/www.acueductoseirrigaciones.com\/sistemas-de-riego\/producto\/dripnet-pc\/\",\"name\":\"DripNet PC | Acueductos e Irrigaciones\",\"isPartOf\":{\"@id\":\"https:\/\/www.acueductoseirrigaciones.com\/sistemas-de-riego\/#website\"},\"primaryImageOfPage\":{\"@id\":\"https:\/\/www.acueductoseirrigaciones.com\/sistemas-de-riego\/producto\/dripnet-pc\/#primaryimage\"},\"image\":{\"@id\":\"https:\/\/www.acueductoseirrigaciones.com\/sistemas-de-riego\/producto\/dripnet-pc\/#primaryimage\"},\"thumbnailUrl\":\"https:\/\/www.acueductoseirrigaciones.com\/sistemas-de-riego\/wp-content\/uploads\/2021\/06\/DripNet-PC.png\",\"datePublished\":\"2021-06-16T16:14:45+00:00\",\"dateModified\":\"2021-10-07T17:47:55+00:00\",\"breadcrumb\":{\"@id\":\"https:\/\/www.acueductoseirrigaciones.com\/sistemas-de-riego\/producto\/dripnet-pc\/#breadcrumb\"},\"inLanguage\":\"es\",\"potentialAction\":[{\"@type\":\"ReadAction\",\"target\":[\"https:\/\/www.acueductoseirrigaciones.com\/sistemas-de-riego\/producto\/dripnet-pc\/\"]}]},{\"@type\":\"ImageObject\",\"inLanguage\":\"es\",\"@id\":\"https:\/\/www.acueductoseirrigaciones.com\/sistemas-de-riego\/producto\/dripnet-pc\/#primaryimage\",\"url\":\"https:\/\/www.acueductoseirrigaciones.com\/sistemas-de-riego\/wp-content\/uploads\/2021\/06\/DripNet-PC.png\",\"contentUrl\":\"https:\/\/www.acueductoseirrigaciones.com\/sistemas-de-riego\/wp-content\/uploads\/2021\/06\/DripNet-PC.png\",\"width\":450,\"height\":450},{\"@type\":\"BreadcrumbList\",\"@id\":\"https:\/\/www.acueductoseirrigaciones.com\/sistemas-de-riego\/producto\/dripnet-pc\/#breadcrumb\",\"itemListElement\":[{\"@type\":\"ListItem\",\"position\":1,\"name\":\"Portada\",\"item\":\"https:\/\/www.acueductoseirrigaciones.com\/sistemas-de-riego\/\"},{\"@type\":\"ListItem\",\"position\":2,\"name\":\"Tienda\",\"item\":\"https:\/\/www.acueductoseirrigaciones.com\/sistemas-de-riego\/tienda\/\"},{\"@type\":\"ListItem\",\"position\":3,\"name\":\"DripNet PC\"}]},{\"@type\":\"WebSite\",\"@id\":\"https:\/\/www.acueductoseirrigaciones.com\/sistemas-de-riego\/#website\",\"url\":\"https:\/\/www.acueductoseirrigaciones.com\/sistemas-de-riego\/\",\"name\":\"acueductoseirrigaciones.com\",\"description\":\"Sistemas de Riego Medellin\",\"publisher\":{\"@id\":\"https:\/\/www.acueductoseirrigaciones.com\/sistemas-de-riego\/#organization\"},\"potentialAction\":[{\"@type\":\"SearchAction\",\"target\":{\"@type\":\"EntryPoint\",\"urlTemplate\":\"https:\/\/www.acueductoseirrigaciones.com\/sistemas-de-riego\/?s={search_term_string}\"},\"query-input\":{\"@type\":\"PropertyValueSpecification\",\"valueRequired\":true,\"valueName\":\"search_term_string\"}}],\"inLanguage\":\"es\"},{\"@type\":\"Organization\",\"@id\":\"https:\/\/www.acueductoseirrigaciones.com\/sistemas-de-riego\/#organization\",\"name\":\"Acueductos e irrigaciones\",\"url\":\"https:\/\/www.acueductoseirrigaciones.com\/sistemas-de-riego\/\",\"logo\":{\"@type\":\"ImageObject\",\"inLanguage\":\"es\",\"@id\":\"https:\/\/www.acueductoseirrigaciones.com\/sistemas-de-riego\/#\/schema\/logo\/image\/\",\"url\":\"https:\/\/www.acueductoseirrigaciones.com\/wp-content\/uploads\/2024\/11\/logo-Acueductos.png\",\"contentUrl\":\"https:\/\/www.acueductoseirrigaciones.com\/wp-content\/uploads\/2024\/11\/logo-Acueductos.png\",\"width\":600,\"height\":200,\"caption\":\"Acueductos e irrigaciones\"},\"image\":{\"@id\":\"https:\/\/www.acueductoseirrigaciones.com\/sistemas-de-riego\/#\/schema\/logo\/image\/\"},\"sameAs\":[\"https:\/\/www.facebook.com\/Eirrigaciones\/\"]}]}<\/script>\n<!-- \/ Yoast SEO plugin. -->","yoast_head_json":{"title":"DripNet PC | Acueductos e Irrigaciones","robots":{"index":"noindex","follow":"follow"},"og_locale":"es_ES","og_type":"article","og_title":"DripNet PC | Acueductos e Irrigaciones","og_description":"Las l\u00edneas de goteo integrales autocompensadas con mecanismos de autolavado DripNet PC \u2122 ofrecen la relaci\u00f3n \u00f3ptima entre costo y rendimiento al regar terrenos con pendientes, topograf\u00edas irregulares y largas filas de cultivos. Ideal para el riego de cultivos en hileras multiestacionales y huertos en topograf\u00edas planas y complejas. Los pasajes de agua ultra anchos y cortos hacen que este gotero sea resistente a las obstrucciones incluso en condiciones de aguas dif\u00edciles. Especificaciones: Variedad de caudales: 5 caudales diferentes (0.7, 1.0, 1.6, 2.3, 3.5 L Variedad de caudales: 7 caudales diferentes (0.4, 0.6, 1.0, 1.6, 2.0, 3.0, 3.8 L \/ H) pueden abordar cualquier condici\u00f3n o aplicaci\u00f3n Rango de compensaci\u00f3n de presi\u00f3n: 0.25 \/ 0.40 \/ 0.60 - 2.5 \/ 3.0 \/ 3.5 bar (seg\u00fan el modelo de caudal) Amplia gama de di\u00e1metros de tuber\u00eda:  TWD y MWD: 12.0 mm - 25.0 mm HWD: 12 mm, 16 mm, 20 mm y 23 mm Amplio rango de espesor de pared: 0,31 mm, 0,34 mm, 0,38 mm, 0,50 mm, 0,63 mm, 0,9 mm, 1,0 mm y 1,2 mm Rango de compensaci\u00f3n de presi\u00f3n: 0.4 - 5.0 bar Excelente resistencia UV y qu\u00edmica.","og_url":"https:\/\/www.acueductoseirrigaciones.com\/sistemas-de-riego\/producto\/dripnet-pc\/","og_site_name":"Acueductos e Irrigaciones","article_publisher":"https:\/\/www.facebook.com\/Eirrigaciones\/","article_modified_time":"2021-10-07T17:47:55+00:00","og_image":[{"width":450,"height":450,"url":"https:\/\/www.acueductoseirrigaciones.com\/sistemas-de-riego\/wp-content\/uploads\/2021\/06\/DripNet-PC.png","type":"image\/png"}],"twitter_card":"summary_large_image","schema":{"@context":"https:\/\/schema.org","@graph":[{"@type":"WebPage","@id":"https:\/\/www.acueductoseirrigaciones.com\/sistemas-de-riego\/producto\/dripnet-pc\/","url":"https:\/\/www.acueductoseirrigaciones.com\/sistemas-de-riego\/producto\/dripnet-pc\/","name":"DripNet PC | Acueductos e Irrigaciones","isPartOf":{"@id":"https:\/\/www.acueductoseirrigaciones.com\/sistemas-de-riego\/#website"},"primaryImageOfPage":{"@id":"https:\/\/www.acueductoseirrigaciones.com\/sistemas-de-riego\/producto\/dripnet-pc\/#primaryimage"},"image":{"@id":"https:\/\/www.acueductoseirrigaciones.com\/sistemas-de-riego\/producto\/dripnet-pc\/#primaryimage"},"thumbnailUrl":"https:\/\/www.acueductoseirrigaciones.com\/sistemas-de-riego\/wp-content\/uploads\/2021\/06\/DripNet-PC.png","datePublished":"2021-06-16T16:14:45+00:00","dateModified":"2021-10-07T17:47:55+00:00","breadcrumb":{"@id":"https:\/\/www.acueductoseirrigaciones.com\/sistemas-de-riego\/producto\/dripnet-pc\/#breadcrumb"},"inLanguage":"es","potentialAction":[{"@type":"ReadAction","target":["https:\/\/www.acueductoseirrigaciones.com\/sistemas-de-riego\/producto\/dripnet-pc\/"]}]},{"@type":"ImageObject","inLanguage":"es","@id":"https:\/\/www.acueductoseirrigaciones.com\/sistemas-de-riego\/producto\/dripnet-pc\/#primaryimage","url":"https:\/\/www.acueductoseirrigaciones.com\/sistemas-de-riego\/wp-content\/uploads\/2021\/06\/DripNet-PC.png","contentUrl":"https:\/\/www.acueductoseirrigaciones.com\/sistemas-de-riego\/wp-content\/uploads\/2021\/06\/DripNet-PC.png","width":450,"height":450},{"@type":"BreadcrumbList","@id":"https:\/\/www.acueductoseirrigaciones.com\/sistemas-de-riego\/producto\/dripnet-pc\/#breadcrumb","itemListElement":[{"@type":"ListItem","position":1,"name":"Portada","item":"https:\/\/www.acueductoseirrigaciones.com\/sistemas-de-riego\/"},{"@type":"ListItem","position":2,"name":"Tienda","item":"https:\/\/www.acueductoseirrigaciones.com\/sistemas-de-riego\/tienda\/"},{"@type":"ListItem","position":3,"name":"DripNet PC"}]},{"@type":"WebSite","@id":"https:\/\/www.acueductoseirrigaciones.com\/sistemas-de-riego\/#website","url":"https:\/\/www.acueductoseirrigaciones.com\/sistemas-de-riego\/","name":"acueductoseirrigaciones.com","description":"Sistemas de Riego Medellin","publisher":{"@id":"https:\/\/www.acueductoseirrigaciones.com\/sistemas-de-riego\/#organization"},"potentialAction":[{"@type":"SearchAction","target":{"@type":"EntryPoint","urlTemplate":"https:\/\/www.acueductoseirrigaciones.com\/sistemas-de-riego\/?s={search_term_string}"},"query-input":{"@type":"PropertyValueSpecification","valueRequired":true,"valueName":"search_term_string"}}],"inLanguage":"es"},{"@type":"Organization","@id":"https:\/\/www.acueductoseirrigaciones.com\/sistemas-de-riego\/#organization","name":"Acueductos e irrigaciones","url":"https:\/\/www.acueductoseirrigaciones.com\/sistemas-de-riego\/","logo":{"@type":"ImageObject","inLanguage":"es","@id":"https:\/\/www.acueductoseirrigaciones.com\/sistemas-de-riego\/#\/schema\/logo\/image\/","url":"https:\/\/www.acueductoseirrigaciones.com\/wp-content\/uploads\/2024\/11\/logo-Acueductos.png","contentUrl":"https:\/\/www.acueductoseirrigaciones.com\/wp-content\/uploads\/2024\/11\/logo-Acueductos.png","width":600,"height":200,"caption":"Acueductos e irrigaciones"},"image":{"@id":"https:\/\/www.acueductoseirrigaciones.com\/sistemas-de-riego\/#\/schema\/logo\/image\/"},"sameAs":["https:\/\/www.facebook.com\/Eirrigaciones\/"]}]}},"_links":{"self":[{"href":"https:\/\/www.acueductoseirrigaciones.com\/sistemas-de-riego\/wp-json\/wp\/v2\/product\/997","targetHints":{"allow":["GET"]}}],"collection":[{"href":"https:\/\/www.acueductoseirrigaciones.com\/sistemas-de-riego\/wp-json\/wp\/v2\/product"}],"about":[{"href":"https:\/\/www.acueductoseirrigaciones.com\/sistemas-de-riego\/wp-json\/wp\/v2\/types\/product"}],"replies":[{"embeddable":true,"href":"https:\/\/www.acueductoseirrigaciones.com\/sistemas-de-riego\/wp-json\/wp\/v2\/comments?post=997"}],"wp:featuredmedia":[{"embeddable":true,"href":"https:\/\/www.acueductoseirrigaciones.com\/sistemas-de-riego\/wp-json\/wp\/v2\/media\/998"}],"wp:attachment":[{"href":"https:\/\/www.acueductoseirrigaciones.com\/sistemas-de-riego\/wp-json\/wp\/v2\/media?parent=997"}],"wp:term":[{"taxonomy":"product_brand","embeddable":true,"href":"https:\/\/www.acueductoseirrigaciones.com\/sistemas-de-riego\/wp-json\/wp\/v2\/product_brand?post=997"},{"taxonomy":"product_cat","embeddable":true,"href":"https:\/\/www.acueductoseirrigaciones.com\/sistemas-de-riego\/wp-json\/wp\/v2\/product_cat?post=997"},{"taxonomy":"product_tag","embeddable":true,"href":"https:\/\/www.acueductoseirrigaciones.com\/sistemas-de-riego\/wp-json\/wp\/v2\/product_tag?post=997"}],"curies":[{"name":"wp","href":"https:\/\/api.w.org\/{rel}","templated":true}]}}